{"id":99725,"date":"2022-05-23T12:12:40","date_gmt":"2022-05-23T10:12:40","guid":{"rendered":"https:\/\/myes-staging.nohup.host\/domande-e-risposte\/"},"modified":"2023-03-01T17:09:19","modified_gmt":"2023-03-01T16:09:19","slug":"faq","status":"publish","type":"page","link":"https:\/\/myes-staging.nohup.host\/es\/faq\/","title":{"rendered":"FAQ"},"content":{"rendered":"\t\t<div data-elementor-type=\"wp-page\" data-elementor-id=\"99725\" class=\"elementor elementor-99725 elementor-80920\" data-elementor-post-type=\"page\">\n\t\t\t\t\t\t<section class=\"elementor-section elementor-top-section elementor-element elementor-element-da9a720 elementor-section-boxed elementor-section-height-default elementor-section-height-default\" data-id=\"da9a720\" data-element_type=\"section\" data-settings=\"{&quot;jet_parallax_layout_list&quot;:[]}\">\n\t\t\t\t\t\t<div class=\"elementor-container elementor-column-gap-default\">\n\t\t\t\t\t<div class=\"elementor-column elementor-col-100 elementor-top-column elementor-element elementor-element-03e09f8\" data-id=\"03e09f8\" data-element_type=\"column\">\n\t\t\t<div class=\"elementor-widget-wrap elementor-element-populated\">\n\t\t\t\t\t\t<div class=\"elementor-element elementor-element-f319785 elementor-widget elementor-widget-heading\" data-id=\"f319785\" data-element_type=\"widget\" data-widget_type=\"heading.default\">\n\t\t\t\t<div class=\"elementor-widget-container\">\n\t\t\t\t\t<h2 class=\"elementor-heading-title elementor-size-default\">F.A.Q<\/h2>\t\t\t\t<\/div>\n\t\t\t\t<\/div>\n\t\t\t\t<div class=\"elementor-element elementor-element-22e3a58 elementor-widget elementor-widget-text-editor\" data-id=\"22e3a58\" data-element_type=\"widget\" data-widget_type=\"text-editor.default\">\n\t\t\t\t<div class=\"elementor-widget-container\">\n\t\t\t\t\t\t\t\t\t<p><span>Aqu\u00ed encontrar\u00e1s las respuestas a todas tus preguntas sobre el mundo MyES: \u00a1una forma sencilla y r\u00e1pida de aclarar tus ideas!<\/span><\/p>\t\t\t\t\t\t\t\t<\/div>\n\t\t\t\t<\/div>\n\t\t\t\t<div class=\"elementor-element elementor-element-b083760 elementor-widget elementor-widget-spacer\" data-id=\"b083760\" data-element_type=\"widget\" data-widget_type=\"spacer.default\">\n\t\t\t\t<div class=\"elementor-widget-container\">\n\t\t\t\t\t\t\t<div class=\"elementor-spacer\">\n\t\t\t<div class=\"elementor-spacer-inner\"><\/div>\n\t\t<\/div>\n\t\t\t\t\t\t<\/div>\n\t\t\t\t<\/div>\n\t\t\t\t\t<\/div>\n\t\t<\/div>\n\t\t\t\t\t<\/div>\n\t\t<\/section>\n\t\t\t\t<section class=\"elementor-section elementor-top-section elementor-element elementor-element-57db92b elementor-section-boxed elementor-section-height-default elementor-section-height-default\" data-id=\"57db92b\" data-element_type=\"section\" data-settings=\"{&quot;jet_parallax_layout_list&quot;:[]}\">\n\t\t\t\t\t\t<div class=\"elementor-container elementor-column-gap-default\">\n\t\t\t\t\t<div class=\"elementor-column elementor-col-100 elementor-top-column elementor-element elementor-element-930bb9c\" data-id=\"930bb9c\" data-element_type=\"column\">\n\t\t\t<div class=\"elementor-widget-wrap elementor-element-populated\">\n\t\t\t\t\t\t<div class=\"elementor-element elementor-element-49a372f elementor-view-default elementor-widget elementor-widget-wgl-toggle-accordion\" data-id=\"49a372f\" data-element_type=\"widget\" data-widget_type=\"wgl-toggle-accordion.default\">\n\t\t\t\t<div class=\"elementor-widget-container\">\n\t\t\t\t\t<div class=\"wgl-accordion icon-plus\" id=\"wgl-accordion-49a372f\" data-type=\"accordion\"><div class=\"wgl-accordion_panel\"><h4 id=\"wgl-accordion_header-7721\" class=\"wgl-accordion_header\" data-default=\"\"><span class=\"wgl-accordion_title\">\u00bfPOR QU\u00c9 MY ENGLISH SCHOOL ES DIFERENTE A LAS DEM\u00c1S ESCUELAS DE INGL\u00c9S?<\/span><i class=\"wgl-accordion_icon elementor-icon \"><\/i><\/h4><div class=\"wgl-accordion_content\"><p>La escuela My English School est\u00e1 hecha a tu medida: t\u00fa eliges las fechas y los horarios de tu curso de ingl\u00e9s, dependiendo de tu agenda y de tus necesidades. Si algo no te ha quedado bastante claro, \u00a1podr\u00e1s repetir todas las clases todas las veces que quieras! My English School significa flexibilidad, innovaci\u00f3n y personalizaci\u00f3n. Solamente en nuestras escuelas tendr\u00e1s la posibilidad de sumergirte totalmente en el idioma ingl\u00e9s, con actividades de conversaci\u00f3n guiadas por profesores nativos cualificados.<\/p><\/div><\/div><div class=\"wgl-accordion_panel\"><h4 id=\"wgl-accordion_header-7722\" class=\"wgl-accordion_header\" data-default=\"\"><span class=\"wgl-accordion_title\">\u00bfPOR QU\u00c9 NO HAY AULAS EN LOS CENTROS DE MY ENGLISH SCHOOL?<\/span><i class=\"wgl-accordion_icon elementor-icon \"><\/i><\/h4><div class=\"wgl-accordion_content\">Porque queremos que os sint\u00e1is como en casa. Creemos en la importancia de recibir a nuestros estudiantes en un ambiente que les haga sentirse a gusto y que estimule la interacci\u00f3n entre los participantes, favoreciendo as\u00ed el aprendizaje.<\/div><\/div><div class=\"wgl-accordion_panel\"><h4 id=\"wgl-accordion_header-7723\" class=\"wgl-accordion_header\" data-default=\"\"><span class=\"wgl-accordion_title\">\u00bfC\u00d3MO PUEDO APUNTARME A UN CURSO?<\/span><i class=\"wgl-accordion_icon elementor-icon \"><\/i><\/h4><div class=\"wgl-accordion_content\"><p>Puedes ponerte en contacto con nuestra academia o enviar un correo electr\u00f3nico a <a href=\"mailto:info@myes.es\">info@myes.es<\/a>.<\/p><\/div><\/div><div class=\"wgl-accordion_panel\"><h4 id=\"wgl-accordion_header-7724\" class=\"wgl-accordion_header\" data-default=\"\"><span class=\"wgl-accordion_title\">\u00bfTODOS LOS PROFESORES DE MyES SON NATIVOS O CON NIVEL NATIVO?<\/span><i class=\"wgl-accordion_icon elementor-icon \"><\/i><\/h4><div class=\"wgl-accordion_content\"><p>S\u00ed, nuestros profesores son nativos o con nivel nativo y poseen los certificados internacionales m\u00e1s importantes para la ense\u00f1anza de la lengua inglesa a extranjeros, como el Tefl, el Celta y el Delta.\u00a0<\/p><\/div><\/div><div class=\"wgl-accordion_panel\"><h4 id=\"wgl-accordion_header-7725\" class=\"wgl-accordion_header\" data-default=\"\"><span class=\"wgl-accordion_title\">\u00bfCU\u00c1NTO CUESTA UN CURSO EN MyES?<\/span><i class=\"wgl-accordion_icon elementor-icon \"><\/i><\/h4><div class=\"wgl-accordion_content\">\u00a1No hay un coste fijo! \u00bfEst\u00e1s buscando un curso de ingl\u00e9s general o espec\u00edfico? \u00bfCu\u00e1ntas veces quieres ir a clase? \u00bfCu\u00e1nto tiempo necesitas? \u00bfPrefieres seguir clases individuales o en grupos reducidos? Para poder indicarte el importe de tu inversi\u00f3n, primero necesitamos saber c\u00f3mo quieres estructurar tu curso y cu\u00e1les son tus objetivos. \u00a1Deja que nuestros consultores did\u00e1cticos te gu\u00eden en la elecci\u00f3n de la soluci\u00f3n m\u00e1s apropiada para ti!<\/div><\/div><div class=\"wgl-accordion_panel\"><h4 id=\"wgl-accordion_header-7726\" class=\"wgl-accordion_header\" data-default=\"\"><span class=\"wgl-accordion_title\">\u00bfPOR QU\u00c9 DEBER\u00cdA ELEGIR VUESTRA ESCUELA?<\/span><i class=\"wgl-accordion_icon elementor-icon \"><\/i><\/h4><div class=\"wgl-accordion_content\">Porque en MyES aprender\u00e1s ingl\u00e9s con un m\u00e9todo innovador, creado sobre la base de las teor\u00edas ling\u00fc\u00edsticas m\u00e1s recientes. Adem\u00e1s, somos una escuela smart: con nuestra app estar\u00e1s siempre al corriente de los eventos extraescolares, como por ejemplo noches de cine, aperitivos y mucho m\u00e1s, obviamente en ingl\u00e9s. Adem\u00e1s, puedes practicar ingl\u00e9s dondequiera que est\u00e9s gracias a los Digital Books y sin utilizar papel. En nuestros centros, adem\u00e1s de practicar adecuadamente las estructuras ling\u00fc\u00edsticas, tambi\u00e9n habr\u00e1 miles de ocasiones dedicadas a la conversaci\u00f3n en contextos de la vida real: \u00a1solo as\u00ed aprender\u00e1s el ingl\u00e9s real!<\/div><\/div><div class=\"wgl-accordion_panel\"><h4 id=\"wgl-accordion_header-7727\" class=\"wgl-accordion_header\" data-default=\"\"><span class=\"wgl-accordion_title\">\u00bfENSE\u00d1\u00c1IS INGL\u00c9S BRIT\u00c1NICO O AMERICANO?<\/span><i class=\"wgl-accordion_icon elementor-icon \"><\/i><\/h4><div class=\"wgl-accordion_content\"><p>Ambos. En nuestras escuelas se ense\u00f1a el ingl\u00e9s hablado a nivel internacional, por tanto el programa prev\u00e9 conversaciones tanto en British English como en American English. De esta manera, acostumbrar\u00e1s tu o\u00eddo a acentos y entonaciones diferentes, para conseguir desenvolverte en cualquier contexto angl\u00f3fono.<\/p><\/div><\/div><div class=\"wgl-accordion_panel\"><h4 id=\"wgl-accordion_header-7728\" class=\"wgl-accordion_header\" data-default=\"\"><span class=\"wgl-accordion_title\">\u00bfCU\u00c1NTO DURAN LOS CURSOS?<\/span><i class=\"wgl-accordion_icon elementor-icon \"><\/i><\/h4><div class=\"wgl-accordion_content\">Al tratarse siempre de cursos personalizados, cada estudiante elegir\u00e1 su propia formaci\u00f3n tras haber realizado un test de evaluaci\u00f3n del nivel inicial. Por tanto, la duraci\u00f3n del curso est\u00e1 relacionada con el objetivo que se desea lograr.<\/div><\/div><div class=\"wgl-accordion_panel\"><h4 id=\"wgl-accordion_header-7729\" class=\"wgl-accordion_header\" data-default=\"\"><span class=\"wgl-accordion_title\">\u00bfCU\u00c1NDO EMPIEZAN LOS CURSOS?<\/span><i class=\"wgl-accordion_icon elementor-icon \"><\/i><\/h4><div class=\"wgl-accordion_content\">Los cursos no siguen el calendario escolar: puedes empezar cualquier d\u00eda y momento del a\u00f1o.<\/div><\/div><div class=\"wgl-accordion_panel\"><h4 id=\"wgl-accordion_header-77210\" class=\"wgl-accordion_header\" data-default=\"\"><span class=\"wgl-accordion_title\">\u00bfQU\u00c9 CERTIFICADOS EXPIDE VUESTRA ESCUELA?<\/span><i class=\"wgl-accordion_icon elementor-icon \"><\/i><\/h4><div class=\"wgl-accordion_content\">Al final de cada curso, nuestra escuela entrega a los estudiantes el certificado de participaci\u00f3n que corresponde al nivel alcanzado, seg\u00fan las directivas del Marco Com\u00fan Europeo de Referencia (del A2 al C2).<\/div><\/div><div class=\"wgl-accordion_panel\"><h4 id=\"wgl-accordion_header-77211\" class=\"wgl-accordion_header\" data-default=\"\"><span class=\"wgl-accordion_title\">\u00bfNO HAS ENCONTRADO LO QUE BUSCABAS?<\/span><i class=\"wgl-accordion_icon elementor-icon \"><\/i><\/h4><div class=\"wgl-accordion_content\">Manda un correo electr\u00f3nico a<span>\u00a0<\/span><a href=\"mailto:info@myes.it\">info@myes.es<\/a><span>\u00a0<\/span>y recibir\u00e1s todas las respuestas que necesites \u00a1lo m\u00e1s pronto posible!<\/div><\/div><\/div>\t\t\t\t<\/div>\n\t\t\t\t<\/div>\n\t\t\t\t\t<\/div>\n\t\t<\/div>\n\t\t\t\t\t<\/div>\n\t\t<\/section>\n\t\t\t\t<\/div>\n\t\t","protected":false},"excerpt":{"rendered":"<p>F.A.Q Aqu\u00ed encontrar\u00e1s las respuestas a todas tus preguntas sobre el mundo MyES: \u00a1una forma sencilla y r\u00e1pida de aclarar tus ideas! \u00bfPOR QU\u00c9 MY ENGLISH SCHOOL ES DIFERENTE A LAS DEM\u00c1S ESCUELAS DE INGL\u00c9S? La escuela My English School est\u00e1 hecha a tu medida: t\u00fa eliges las fechas y los horarios de tu curso [&hellip;]<\/p>\n","protected":false},"author":10,"featured_media":0,"parent":0,"menu_order":0,"comment_status":"closed","ping_status":"closed","template":"","meta":{"footnotes":""},"yst_prominent_words":[],"class_list":["post-99725","page","type-page","status-publish","hentry"],"acf":[],"_links":{"self":[{"href":"https:\/\/myes-staging.nohup.host\/es\/wp-json\/wp\/v2\/pages\/99725","targetHints":{"allow":["GET"]}}],"collection":[{"href":"https:\/\/myes-staging.nohup.host\/es\/wp-json\/wp\/v2\/pages"}],"about":[{"href":"https:\/\/myes-staging.nohup.host\/es\/wp-json\/wp\/v2\/types\/page"}],"author":[{"embeddable":true,"href":"https:\/\/myes-staging.nohup.host\/es\/wp-json\/wp\/v2\/users\/10"}],"replies":[{"embeddable":true,"href":"https:\/\/myes-staging.nohup.host\/es\/wp-json\/wp\/v2\/comments?post=99725"}],"version-history":[{"count":36,"href":"https:\/\/myes-staging.nohup.host\/es\/wp-json\/wp\/v2\/pages\/99725\/revisions"}],"predecessor-version":[{"id":154369,"href":"https:\/\/myes-staging.nohup.host\/es\/wp-json\/wp\/v2\/pages\/99725\/revisions\/154369"}],"wp:attachment":[{"href":"https:\/\/myes-staging.nohup.host\/es\/wp-json\/wp\/v2\/media?parent=99725"}],"wp:term":[{"taxonomy":"yst_prominent_words","embeddable":true,"href":"https:\/\/myes-staging.nohup.host\/es\/wp-json\/wp\/v2\/yst_prominent_words?post=99725"}],"curies":[{"name":"wp","href":"https:\/\/api.w.org\/{rel}","templated":true}]}}