{"id":99729,"date":"2022-05-23T14:20:44","date_gmt":"2022-05-23T12:20:44","guid":{"rendered":"https:\/\/myes-staging.nohup.host\/careers\/"},"modified":"2022-08-26T16:56:18","modified_gmt":"2022-08-26T14:56:18","slug":"job","status":"publish","type":"page","link":"https:\/\/myes-staging.nohup.host\/es\/job\/","title":{"rendered":"Jobs"},"content":{"rendered":"\t\t<div data-elementor-type=\"wp-page\" data-elementor-id=\"99729\" class=\"elementor elementor-99729 elementor-80964\" data-elementor-post-type=\"page\">\n\t\t\t\t\t\t<section class=\"elementor-section elementor-top-section elementor-element elementor-element-67e1cb7 elementor-section-boxed elementor-section-height-default elementor-section-height-default\" data-id=\"67e1cb7\" data-element_type=\"section\" data-settings=\"{&quot;jet_parallax_layout_list&quot;:[]}\">\n\t\t\t\t\t\t<div class=\"elementor-container elementor-column-gap-default\">\n\t\t\t\t\t<div class=\"elementor-column elementor-col-100 elementor-top-column elementor-element elementor-element-4ca764b\" data-id=\"4ca764b\" data-element_type=\"column\">\n\t\t\t<div class=\"elementor-widget-wrap elementor-element-populated\">\n\t\t\t\t\t\t<div class=\"elementor-element elementor-element-7f4f88a elementor-widget elementor-widget-heading\" data-id=\"7f4f88a\" data-element_type=\"widget\" data-widget_type=\"heading.default\">\n\t\t\t\t<div class=\"elementor-widget-container\">\n\t\t\t\t\t<h2 class=\"elementor-heading-title elementor-size-default\">\u00a1\u00danete al equipo MyES!<\/h2>\t\t\t\t<\/div>\n\t\t\t\t<\/div>\n\t\t\t\t<div class=\"elementor-element elementor-element-05e973c elementor-widget elementor-widget-spacer\" data-id=\"05e973c\" data-element_type=\"widget\" data-widget_type=\"spacer.default\">\n\t\t\t\t<div class=\"elementor-widget-container\">\n\t\t\t\t\t\t\t<div class=\"elementor-spacer\">\n\t\t\t<div class=\"elementor-spacer-inner\"><\/div>\n\t\t<\/div>\n\t\t\t\t\t\t<\/div>\n\t\t\t\t<\/div>\n\t\t\t\t<div class=\"elementor-element elementor-element-f33c5da elementor-widget elementor-widget-text-editor\" data-id=\"f33c5da\" data-element_type=\"widget\" data-widget_type=\"text-editor.default\">\n\t\t\t\t<div class=\"elementor-widget-container\">\n\t\t\t\t\t\t\t\t\t<p><span>My English School es el ambiente ideal para trabajar: \u00a1informal, alegre y din\u00e1mico!\u00a0<\/span><\/p><p><span>Buscamos constantemente personal motivado y preparado:<\/span> <span>si te identificas con estos adjetivos, env\u00edanos tu CV y si eres compatible con el perfil que buscamos, nuestro equipo se pondr\u00e1 en contacto contigo.<\/span><\/p><p><span>My English School is always growing and looking for new team members. Please scroll down to view our job opportunities!<\/span><\/p>\t\t\t\t\t\t\t\t<\/div>\n\t\t\t\t<\/div>\n\t\t\t\t<div class=\"elementor-element elementor-element-62e2f2d elementor-widget elementor-widget-spacer\" data-id=\"62e2f2d\" data-element_type=\"widget\" data-widget_type=\"spacer.default\">\n\t\t\t\t<div class=\"elementor-widget-container\">\n\t\t\t\t\t\t\t<div class=\"elementor-spacer\">\n\t\t\t<div class=\"elementor-spacer-inner\"><\/div>\n\t\t<\/div>\n\t\t\t\t\t\t<\/div>\n\t\t\t\t<\/div>\n\t\t\t\t\t<\/div>\n\t\t<\/div>\n\t\t\t\t\t<\/div>\n\t\t<\/section>\n\t\t\t\t<section class=\"elementor-section elementor-top-section elementor-element elementor-element-3b51cab elementor-section-boxed elementor-section-height-default elementor-section-height-default\" data-id=\"3b51cab\" data-element_type=\"section\" data-settings=\"{&quot;jet_parallax_layout_list&quot;:[]}\">\n\t\t\t\t\t\t<div class=\"elementor-container elementor-column-gap-default\">\n\t\t\t\t\t<div class=\"elementor-column elementor-col-100 elementor-top-column elementor-element elementor-element-03c79a7\" data-id=\"03c79a7\" data-element_type=\"column\">\n\t\t\t<div class=\"elementor-widget-wrap elementor-element-populated\">\n\t\t\t\t\t\t<div class=\"elementor-element elementor-element-8b80ae7 elementor-view-default elementor-widget elementor-widget-wgl-toggle-accordion\" data-id=\"8b80ae7\" data-element_type=\"widget\" data-widget_type=\"wgl-toggle-accordion.default\">\n\t\t\t\t<div class=\"elementor-widget-container\">\n\t\t\t\t\t<div class=\"wgl-accordion icon-plus\" id=\"wgl-accordion-8b80ae7\" data-type=\"accordion\"><div class=\"wgl-accordion_panel\"><h4 id=\"wgl-accordion_header-1461\" class=\"wgl-accordion_header\" data-default=\"\"><span class=\"wgl-accordion_title\">TEACHER<\/span><i class=\"wgl-accordion_icon elementor-icon \"><\/i><\/h4><div class=\"wgl-accordion_content\"><p><span>My English School is a network of schools across Italy, and we are regularly looking for English Teachers to join our young, dynamic and motivated teaching team. Our teachers hold CELTA or TEFL certificates and have excellent people skills. We are looking for student-centered and enthusiastic teachers with different levels of experience. We provide full training in our teaching method as well as ongoing professional development. If you are interested in teaching in Italy, then please fill out our online HR questionnaire. If there is a suitable position, you will be contacted by one of our schools.<\/span><\/p><div style=\"text-align: end;\"><strong><a href=\"https:\/\/docs.google.com\/forms\/d\/1pwHpceIOrLBLXHtKOJgx89I1IPO38OrS8eJdz0kl5Hg\/viewform?edit_requested=true\" target=\"_blank\" rel=\"noopener\">APPLY -&gt;<\/a><\/strong><\/div><\/div><\/div><div class=\"wgl-accordion_panel\"><h4 id=\"wgl-accordion_header-1462\" class=\"wgl-accordion_header\" data-default=\"\"><span class=\"wgl-accordion_title\">IN COMPANY TEACHER<\/span><i class=\"wgl-accordion_icon elementor-icon \"><\/i><\/h4><div class=\"wgl-accordion_content\"><span>My English School is looking for a Business Teacher to teach in companies. You should be a qualified teacher and have at least one year\u2019s teaching experience, preferably in a business environment. There is the opportunity to build up a full timetable of company and in-school work for the right candidate. You must have a TEFL or CELTA certificate and be native speaker or a speaker of English from a young age. A competitive hourly rate, bonus for teaching in company, and opportunity for growth within a fast-growing company.<\/span>\n<div style=\"text-align:end;\"><strong><a href=\"mailto:cv@myes.school\" target=\"_blank\" rel=\"noopener\">SUBMIT YOUR CV -&gt;<\/a><\/strong><\/div><\/div><\/div><\/div>\t\t\t\t<\/div>\n\t\t\t\t<\/div>\n\t\t\t\t\t<\/div>\n\t\t<\/div>\n\t\t\t\t\t<\/div>\n\t\t<\/section>\n\t\t\t\t<section class=\"elementor-section elementor-top-section elementor-element elementor-element-dc3bdfa elementor-section-boxed elementor-section-height-default elementor-section-height-default\" data-id=\"dc3bdfa\" data-element_type=\"section\" data-settings=\"{&quot;jet_parallax_layout_list&quot;:[]}\">\n\t\t\t\t\t\t<div class=\"elementor-container elementor-column-gap-default\">\n\t\t\t\t\t<div class=\"elementor-column elementor-col-100 elementor-top-column elementor-element elementor-element-533c8ef\" data-id=\"533c8ef\" data-element_type=\"column\">\n\t\t\t<div class=\"elementor-widget-wrap elementor-element-populated\">\n\t\t\t\t\t\t<div class=\"elementor-element elementor-element-e8f8ac2 elementor-widget elementor-widget-spacer\" data-id=\"e8f8ac2\" data-element_type=\"widget\" data-widget_type=\"spacer.default\">\n\t\t\t\t<div class=\"elementor-widget-container\">\n\t\t\t\t\t\t\t<div class=\"elementor-spacer\">\n\t\t\t<div class=\"elementor-spacer-inner\"><\/div>\n\t\t<\/div>\n\t\t\t\t\t\t<\/div>\n\t\t\t\t<\/div>\n\t\t\t\t<div class=\"elementor-element elementor-element-12d8b29 elementor-widget elementor-widget-heading\" data-id=\"12d8b29\" data-element_type=\"widget\" data-widget_type=\"heading.default\">\n\t\t\t\t<div class=\"elementor-widget-container\">\n\t\t\t\t\t<h2 class=\"elementor-heading-title elementor-size-default\">CANDIDATURA ESPONT\u00c1NEA<\/h2>\t\t\t\t<\/div>\n\t\t\t\t<\/div>\n\t\t\t\t<div class=\"elementor-element elementor-element-e55321f elementor-widget elementor-widget-spacer\" data-id=\"e55321f\" data-element_type=\"widget\" data-widget_type=\"spacer.default\">\n\t\t\t\t<div class=\"elementor-widget-container\">\n\t\t\t\t\t\t\t<div class=\"elementor-spacer\">\n\t\t\t<div class=\"elementor-spacer-inner\"><\/div>\n\t\t<\/div>\n\t\t\t\t\t\t<\/div>\n\t\t\t\t<\/div>\n\t\t\t\t<div class=\"elementor-element elementor-element-885f593 elementor-widget elementor-widget-text-editor\" data-id=\"885f593\" data-element_type=\"widget\" data-widget_type=\"text-editor.default\">\n\t\t\t\t<div class=\"elementor-widget-container\">\n\t\t\t\t\t\t\t\t\t<p><span>No lo retrases m\u00e1s: env\u00edanos hoy mismo tu CV para participar en la selecci\u00f3n de uno de los puestos disponibles. <\/span><\/p><p><span>Si no encuentras ahora el puesto adecuado para ti, tendremos en cuenta tu candidatura para futuras ocasiones.<\/span><\/p><p>Send your CV!<\/p>\t\t\t\t\t\t\t\t<\/div>\n\t\t\t\t<\/div>\n\t\t\t\t<div class=\"elementor-element elementor-element-f5ca5da acenter elementor-widget elementor-widget-wgl-button\" data-id=\"f5ca5da\" data-element_type=\"widget\" data-widget_type=\"wgl-button.default\">\n\t\t\t\t<div class=\"elementor-widget-container\">\n\t\t\t\t\t<div class=\"button-wrapper\"><a  class=\"wgl-button btn-size-lg \" role=\"button\" href=\"mailto:cv@myes.school\"><div class=\"button-content-wrapper \"><span class=\"wgl-button-text\">ENV\u00cdA TU SOLICITUD<\/span><\/div><\/a><\/div>\t\t\t\t<\/div>\n\t\t\t\t<\/div>\n\t\t\t\t\t<\/div>\n\t\t<\/div>\n\t\t\t\t\t<\/div>\n\t\t<\/section>\n\t\t\t\t<\/div>\n\t\t","protected":false},"excerpt":{"rendered":"<p>\u00a1\u00danete al equipo MyES! My English School es el ambiente ideal para trabajar: \u00a1informal, alegre y din\u00e1mico!\u00a0 Buscamos constantemente personal motivado y preparado: si te identificas con estos adjetivos, env\u00edanos tu CV y si eres compatible con el perfil que buscamos, nuestro equipo se pondr\u00e1 en contacto contigo. My English School is always growing and [&hellip;]<\/p>\n","protected":false},"author":10,"featured_media":0,"parent":0,"menu_order":0,"comment_status":"closed","ping_status":"closed","template":"","meta":{"footnotes":""},"yst_prominent_words":[],"class_list":["post-99729","page","type-page","status-publish","hentry"],"acf":[],"_links":{"self":[{"href":"https:\/\/myes-staging.nohup.host\/es\/wp-json\/wp\/v2\/pages\/99729","targetHints":{"allow":["GET"]}}],"collection":[{"href":"https:\/\/myes-staging.nohup.host\/es\/wp-json\/wp\/v2\/pages"}],"about":[{"href":"https:\/\/myes-staging.nohup.host\/es\/wp-json\/wp\/v2\/types\/page"}],"author":[{"embeddable":true,"href":"https:\/\/myes-staging.nohup.host\/es\/wp-json\/wp\/v2\/users\/10"}],"replies":[{"embeddable":true,"href":"https:\/\/myes-staging.nohup.host\/es\/wp-json\/wp\/v2\/comments?post=99729"}],"version-history":[{"count":22,"href":"https:\/\/myes-staging.nohup.host\/es\/wp-json\/wp\/v2\/pages\/99729\/revisions"}],"predecessor-version":[{"id":137761,"href":"https:\/\/myes-staging.nohup.host\/es\/wp-json\/wp\/v2\/pages\/99729\/revisions\/137761"}],"wp:attachment":[{"href":"https:\/\/myes-staging.nohup.host\/es\/wp-json\/wp\/v2\/media?parent=99729"}],"wp:term":[{"taxonomy":"yst_prominent_words","embeddable":true,"href":"https:\/\/myes-staging.nohup.host\/es\/wp-json\/wp\/v2\/yst_prominent_words?post=99729"}],"curies":[{"name":"wp","href":"https:\/\/api.w.org\/{rel}","templated":true}]}}