{"id":102988,"date":"2022-05-04T10:21:48","date_gmt":"2022-05-04T08:21:48","guid":{"rendered":"https:\/\/myes-staging.nohup.host\/test-en-ligne\/myesonlineentrytest\/"},"modified":"2022-07-27T10:59:49","modified_gmt":"2022-07-27T08:59:49","slug":"myesonlineentrytest","status":"publish","type":"page","link":"https:\/\/myes-staging.nohup.host\/fr\/test-en-ligne\/myesonlineentrytest\/","title":{"rendered":"General English Entry Test"},"content":{"rendered":"\t\t<div data-elementor-type=\"wp-page\" data-elementor-id=\"102988\" class=\"elementor elementor-102988 elementor-7493\" data-elementor-post-type=\"page\">\n\t\t\t\t\t\t<section class=\"elementor-section elementor-top-section elementor-element elementor-element-33436583 elementor-section-boxed elementor-section-height-default elementor-section-height-default\" data-id=\"33436583\" data-element_type=\"section\" data-settings=\"{&quot;jet_parallax_layout_list&quot;:[]}\">\n\t\t\t\t\t\t<div class=\"elementor-container elementor-column-gap-default\">\n\t\t\t\t\t<div class=\"elementor-column elementor-col-100 elementor-top-column elementor-element elementor-element-6a37d6d5\" data-id=\"6a37d6d5\" data-element_type=\"column\">\n\t\t\t<div class=\"elementor-widget-wrap elementor-element-populated\">\n\t\t\t\t\t\t<div class=\"elementor-element elementor-element-7794fed2 elementor-widget elementor-widget-spacer\" data-id=\"7794fed2\" data-element_type=\"widget\" data-widget_type=\"spacer.default\">\n\t\t\t\t<div class=\"elementor-widget-container\">\n\t\t\t\t\t\t\t<div class=\"elementor-spacer\">\n\t\t\t<div class=\"elementor-spacer-inner\"><\/div>\n\t\t<\/div>\n\t\t\t\t\t\t<\/div>\n\t\t\t\t<\/div>\n\t\t\t\t<div class=\"elementor-element elementor-element-61ca2b02 elementor-widget elementor-widget-heading\" data-id=\"61ca2b02\" data-element_type=\"widget\" data-widget_type=\"heading.default\">\n\t\t\t\t<div class=\"elementor-widget-container\">\n\t\t\t\t\t<h2 class=\"elementor-heading-title elementor-size-default\"><span style=\"font-family: Montserrat;font-size: 34px;font-style: normal;font-weight: var(--unicoach-h2-font-weight);text-transform: none\">Verifiez votre niveau d'anglais avec notre test de grammaire, compr\u00e9hension et vocabulaire<\/span><\/h2>\t\t\t\t<\/div>\n\t\t\t\t<\/div>\n\t\t\t\t<div class=\"elementor-element elementor-element-cf324f5 elementor-widget elementor-widget-text-editor\" data-id=\"cf324f5\" data-element_type=\"widget\" data-widget_type=\"text-editor.default\">\n\t\t\t\t<div class=\"elementor-widget-container\">\n\t\t\t\t\t\t\t\t\t<p>MyES Online Entry Test<\/p>\t\t\t\t\t\t\t\t<\/div>\n\t\t\t\t<\/div>\n\t\t\t\t\t<\/div>\n\t\t<\/div>\n\t\t\t\t\t<\/div>\n\t\t<\/section>\n\t\t\t\t<section class=\"elementor-section elementor-top-section elementor-element elementor-element-59e146ee elementor-section-boxed elementor-section-height-default elementor-section-height-default\" data-id=\"59e146ee\" data-element_type=\"section\" data-settings=\"{&quot;jet_parallax_layout_list&quot;:[]}\">\n\t\t\t\t\t\t<div class=\"elementor-container elementor-column-gap-default\">\n\t\t\t\t\t<div class=\"elementor-column elementor-col-100 elementor-top-column elementor-element elementor-element-48641fc4\" data-id=\"48641fc4\" data-element_type=\"column\">\n\t\t\t<div class=\"elementor-widget-wrap elementor-element-populated\">\n\t\t\t\t\t\t<div class=\"elementor-element elementor-element-50e04941 elementor-widget elementor-widget-spacer\" data-id=\"50e04941\" data-element_type=\"widget\" data-widget_type=\"spacer.default\">\n\t\t\t\t<div class=\"elementor-widget-container\">\n\t\t\t\t\t\t\t<div class=\"elementor-spacer\">\n\t\t\t<div class=\"elementor-spacer-inner\"><\/div>\n\t\t<\/div>\n\t\t\t\t\t\t<\/div>\n\t\t\t\t<\/div>\n\t\t\t\t\t<\/div>\n\t\t<\/div>\n\t\t\t\t\t<\/div>\n\t\t<\/section>\n\t\t\t\t<section class=\"elementor-section elementor-top-section elementor-element elementor-element-2779ff79 elementor-section-boxed elementor-section-height-default elementor-section-height-default\" data-id=\"2779ff79\" data-element_type=\"section\" data-settings=\"{&quot;jet_parallax_layout_list&quot;:[]}\">\n\t\t\t\t\t\t<div class=\"elementor-container elementor-column-gap-default\">\n\t\t\t\t\t<div class=\"elementor-column elementor-col-25 elementor-top-column elementor-element elementor-element-78345e60\" data-id=\"78345e60\" data-element_type=\"column\">\n\t\t\t<div class=\"elementor-widget-wrap\">\n\t\t\t\t\t\t\t<\/div>\n\t\t<\/div>\n\t\t\t\t<div class=\"elementor-column elementor-col-50 elementor-top-column elementor-element elementor-element-5b17e92d\" data-id=\"5b17e92d\" data-element_type=\"column\">\n\t\t\t<div class=\"elementor-widget-wrap elementor-element-populated\">\n\t\t\t\t\t\t<div class=\"elementor-element elementor-element-58a519d9 elementor-widget elementor-widget-shortcode\" data-id=\"58a519d9\" data-element_type=\"widget\" data-widget_type=\"shortcode.default\">\n\t\t\t\t<div class=\"elementor-widget-container\">\n\t\t\t\t\t\t\t<div class=\"elementor-shortcode\"><form class=\"new-website-custom-form test-form\" action=\"\/wp-content\/themes\/unicoach-child\/submits\/test_form_submit.php\" method=\"post\" id=\"contactForm_inpage\"><div class=\"row\"><div class=\"sono-io\"><\/div><input type=\"hidden\" name=\"testtest\" value=\"8ff52c498f\"><input type=\"hidden\" name=\"form_page\" value=\"102988\" ><input type=\"hidden\" name=\"form_page_title\" value=\"General English Entry Test\" ><input type=\"hidden\" name=\"page_uq\" value=\"873cfbb2-bb14-45d3-ac72-4ca09b370e94\"><input type=\"hidden\" id=\"referral\" name=\"referral\" value=\"\"><input type=\"hidden\" name=\"lang\" value=\"fr\"><input type=\"hidden\" name=\"thx_page\" value=\"\"><input type=\"hidden\" name=\"test_type\" value=\"1\" ><div class=\"wgl_col-12\"><input class=\"w-100\" type=\"text\" name=\"name\" placeholder=\"Pr\u00e9nom\" required maxlength=\"50\"><div class=\"error-message\" style=\"display:none; border:1px solid white; border-radius:5px; width:100%; padding:5px 10px; font-size:16px; color:white; background:#F00000; font-weight:bold; margin-bottom:25px;\">Remplissez ce champ<\/div><\/div><div class=\"wgl_col-12\"><input class=\"w-100\" type=\"text\" name=\"surname\" placeholder=\"Nom\" required maxlength=\"50\"><div class=\"error-message\" style=\"display:none; border:1px solid white; border-radius:5px; width:100%; padding:5px 10px; font-size:16px; color:white; background:#F00000; font-weight:bold; margin-bottom:25px;\">Remplissez ce champ<\/div><\/div><div class=\"wgl_col-12\"><input class=\"w-100\" type=\"email\" name=\"email\" placeholder=\"Email\" required><div class=\"error-message\" style=\"display:none; border:1px solid white; border-radius:5px; width:100%; padding:5px 10px; font-size:16px; color:white; background:#F00000; font-weight:bold; margin-bottom:25px;\">Remplissez ce champ<\/div><\/div><div class=\"wgl_col-12\"><input class=\"w-100\" type=\"tel\" pattern=\"[0-9]{10,10}\" name=\"phone\" placeholder=\"T\u00e9l\u00e9phone\" required><div class=\"error-message\" style=\"display:none; border:1px solid white; border-radius:5px; width:100%; padding:5px 10px; font-size:16px; color:white; background:#F00000; font-weight:bold; margin-bottom:25px;\">Entrez un num\u00e9ro de t\u00e9l\u00e9phone valide<\/div><\/div><div class=\"wgl_col-12\"><select class=\"school-select qui-confirm\" name=\"school\" required><option value=\"\" selected>Choisissez une ville<\/option><option value=\"111\">Autre ville<\/option><option class=\"new-custom-option fr\/merignac 126\" value=\"126\" >Bordeaux Merignac<\/option><option class=\"new-custom-option fr\/dijon 115\" value=\"115\" >Dijon<\/option><option class=\"new-custom-option fr\/lyon 49\" value=\"49\" >Lyon<\/option><option class=\"new-custom-option fr\/lyon 131\" value=\"131\" >Lyon 9 Gorge De Loup<\/option><\/select><div class=\"error-message\" style=\"display:none; border:1px solid white; border-radius:5px; width:100%; padding:5px 10px; font-size:16px; color:white; background:#F00000; font-weight:bold; margin-bottom:25px;\">S\u00e9lectionnez un \u00e9l\u00e9ment dans la liste\n<\/div><\/div><div class=\"wgl_col-6 new-form-control-bar-fr d-none\"><input class=\"w-100\" type=\"text\" pattern=\"[0-9]{5,10}\" name=\"zipcode\" placeholder=\"Code Postal\"  minlength=\"5\" value><\/div><input type=\"hidden\" id=\"gclid_field\" name=\"gclid_field\" value=\"\"><input type=\"hidden\" name=\"recaptcha_response\" class=\"recaptchaResponse\"><div class=\"wgl_col-12 privacy-form\"><label><input class=\"general-form-privacy\" type=\"checkbox\" name=\"privacy\" required>In quanto di et\u00e0 superiore ai 16 anni, dichiaro di acconsentire al trattamento dei miei dati personali in conformit\u00e0 all\u2019<a target=\"_blank\" href=\"https:\/\/www.myes.school\/wp-content\/uploads\/2024\/03\/Privacy-MyES-03.24.pdf\" target=\"_blank\">informativa privacy<\/a>.<\/label><\/div><div class=\"wgl_col-12 privacy-form privacy_optional\"><label><input class=\"general-form-privacy-optional\" type=\"checkbox\" name=\"privacy_optional\">Desidero ricevere comunicazioni commerciali e promozionali relative ai prodotti e servizi a marchio MyES\u00a0<\/label><\/div><div class=\"wgl_col-12 test\"><button style=\"background:#F00000; color:white;\" class=\"submit-custom-btn\" data-sitekey=\"6LfzUQohAAAAAHsCskqqOk4lXySy5vePxpFbgi6q\" type=\"submit\" data-callback=\"onSubmit\">Lancez le test<\/button><div class=\"g-recaptcha\"\n\t\t\t\t\tdata-sitekey=\"6LfzUQohAAAAAHsCskqqOk4lXySy5vePxpFbgi6q\"\n\t\t\t\t\tdata-callback=\"onSubmit\"\n\t\t\t\t\tdata-size=\"invisible\">\n\t\t\t\t<\/div><\/div><\/div><script type=\"text\/javascript\">var __ss_noform = __ss_noform || [];__ss_noform.push(['baseURI', 'https:\/\/app-3QNDKEDZ0Y.marketingautomation.services\/webforms\/receivePostback\/MzawMDEzMzS2BAA\/']);__ss_noform.push(['endpoint', '873cfbb2-bb14-45d3-ac72-4ca09b370e94']);<\/script><script type=\"text\/javascript\" src=\"https:\/\/koi-3QNDKEDZ0Y.marketingautomation.services\/client\/noform.js?ver=1.24\" ><\/script><\/form><script type=\"text\/javascript\">let phone = document.getElementById(\"phone_work\");function checkvalue(){if(phone.value.length < 6 || phone.value.length > 10){alert(\"Inserisci un numero di telefono tra le 6 e 10 cifre\");}}<\/script><\/div>\n\t\t\t\t\t\t<\/div>\n\t\t\t\t<\/div>\n\t\t\t\t\t<\/div>\n\t\t<\/div>\n\t\t\t\t<div class=\"elementor-column elementor-col-25 elementor-top-column elementor-element elementor-element-6c3ae257\" data-id=\"6c3ae257\" data-element_type=\"column\">\n\t\t\t<div class=\"elementor-widget-wrap\">\n\t\t\t\t\t\t\t<\/div>\n\t\t<\/div>\n\t\t\t\t\t<\/div>\n\t\t<\/section>\n\t\t\t\t<section class=\"elementor-section elementor-top-section elementor-element elementor-element-3ae2e01 elementor-section-boxed elementor-section-height-default elementor-section-height-default\" data-id=\"3ae2e01\" data-element_type=\"section\" data-settings=\"{&quot;jet_parallax_layout_list&quot;:[]}\">\n\t\t\t\t\t\t<div class=\"elementor-container elementor-column-gap-default\">\n\t\t\t\t\t<div class=\"elementor-column elementor-col-100 elementor-top-column elementor-element elementor-element-f1a620f\" data-id=\"f1a620f\" data-element_type=\"column\">\n\t\t\t<div class=\"elementor-widget-wrap elementor-element-populated\">\n\t\t\t\t\t\t<div class=\"elementor-element elementor-element-56357a4 elementor-widget elementor-widget-text-editor\" data-id=\"56357a4\" data-element_type=\"widget\" data-widget_type=\"text-editor.default\">\n\t\t\t\t<div class=\"elementor-widget-container\">\n\t\t\t\t\t\t\t\t\t<p style=\"text-align: center;\"><br><\/p><p style=\"text-align: center;\"><a style=\"color: #fff;\" href=\"\/wp-content\/uploads\/2022\/07\/Privacy_FR.pdf\" target=\"_blank\" rel=\"noopener\"><span>Politique de Confidentialit\u00e9<\/span><\/a><\/p>\t\t\t\t\t\t\t\t<\/div>\n\t\t\t\t<\/div>\n\t\t\t\t\t<\/div>\n\t\t<\/div>\n\t\t\t\t\t<\/div>\n\t\t<\/section>\n\t\t\t\t<\/div>\n\t\t","protected":false},"excerpt":{"rendered":"<p>Verifiez votre niveau d&#8217;anglais avec notre test de grammaire, compr\u00e9hension et vocabulaire MyES Online Entry Test Politique de Confidentialit\u00e9<\/p>\n","protected":false},"author":10,"featured_media":0,"parent":101766,"menu_order":0,"comment_status":"closed","ping_status":"closed","template":"","meta":{"footnotes":""},"yst_prominent_words":[],"class_list":["post-102988","page","type-page","status-publish","hentry"],"acf":[],"_links":{"self":[{"href":"https:\/\/myes-staging.nohup.host\/fr\/wp-json\/wp\/v2\/pages\/102988","targetHints":{"allow":["GET"]}}],"collection":[{"href":"https:\/\/myes-staging.nohup.host\/fr\/wp-json\/wp\/v2\/pages"}],"about":[{"href":"https:\/\/myes-staging.nohup.host\/fr\/wp-json\/wp\/v2\/types\/page"}],"author":[{"embeddable":true,"href":"https:\/\/myes-staging.nohup.host\/fr\/wp-json\/wp\/v2\/users\/10"}],"replies":[{"embeddable":true,"href":"https:\/\/myes-staging.nohup.host\/fr\/wp-json\/wp\/v2\/comments?post=102988"}],"version-history":[{"count":44,"href":"https:\/\/myes-staging.nohup.host\/fr\/wp-json\/wp\/v2\/pages\/102988\/revisions"}],"predecessor-version":[{"id":156266,"href":"https:\/\/myes-staging.nohup.host\/fr\/wp-json\/wp\/v2\/pages\/102988\/revisions\/156266"}],"up":[{"embeddable":true,"href":"https:\/\/myes-staging.nohup.host\/fr\/wp-json\/wp\/v2\/pages\/101766"}],"wp:attachment":[{"href":"https:\/\/myes-staging.nohup.host\/fr\/wp-json\/wp\/v2\/media?parent=102988"}],"wp:term":[{"taxonomy":"yst_prominent_words","embeddable":true,"href":"https:\/\/myes-staging.nohup.host\/fr\/wp-json\/wp\/v2\/yst_prominent_words?post=102988"}],"curies":[{"name":"wp","href":"https:\/\/api.w.org\/{rel}","templated":true}]}}