{"id":140769,"date":"2022-10-03T11:32:09","date_gmt":"2022-10-03T09:32:09","guid":{"rendered":"https:\/\/myes-staging.nohup.host\/?page_id=140769"},"modified":"2022-10-03T15:14:51","modified_gmt":"2022-10-03T13:14:51","slug":"la-demarche-handicap-plus-formation","status":"publish","type":"page","link":"https:\/\/myes-staging.nohup.host\/fr\/la-demarche-handicap-plus-formation\/","title":{"rendered":"La d\u00e9marche Handicap+ Formation"},"content":{"rendered":"\t\t<div data-elementor-type=\"wp-page\" data-elementor-id=\"140769\" class=\"elementor elementor-140769\" data-elementor-post-type=\"page\">\n\t\t\t\t\t\t<section class=\"elementor-section elementor-top-section elementor-element elementor-element-6d000c11 elementor-section-boxed elementor-section-height-default elementor-section-height-default\" data-id=\"6d000c11\" data-element_type=\"section\" data-settings=\"{&quot;jet_parallax_layout_list&quot;:[]}\">\n\t\t\t\t\t\t<div class=\"elementor-container elementor-column-gap-default\">\n\t\t\t\t\t<div class=\"elementor-column elementor-col-100 elementor-top-column elementor-element elementor-element-2efd7f09\" data-id=\"2efd7f09\" data-element_type=\"column\">\n\t\t\t<div class=\"elementor-widget-wrap elementor-element-populated\">\n\t\t\t\t\t\t<div class=\"elementor-element elementor-element-62c3b509 elementor-widget elementor-widget-text-editor\" data-id=\"62c3b509\" data-element_type=\"widget\" data-widget_type=\"text-editor.default\">\n\t\t\t\t<div class=\"elementor-widget-container\">\n\t\t\t\t\t\t\t\t\t<h2><strong>Loi pour l\u2019\u00e9galit\u00e9 des droits et des chances<\/strong><\/h2><p>La <strong>loi du 11 f\u00e9vrier 2005<\/strong> pour l\u2019\u00e9galit\u00e9 des droits et des chances, la participation et la citoyennet\u00e9 des personnes handicap\u00e9es introduit, pour la premi\u00e8re fois, dans le code de l\u2019action sociale et des familles, une d\u00e9finition du handicap inspir\u00e9e de la classification internationale du handicap.<\/p><p>Elle prend d\u00e9sormais en compte les quatre familles de handicap : moteur, sensoriel, cognitif, psychique et concerne \u00e9galement les personnes \u00e0 mobilit\u00e9 r\u00e9duite, y compris de mani\u00e8re temporaire.<\/p><p>Elle pose le principe selon lequel \u00ab <em>toute personne handicap\u00e9e a droit \u00e0 la solidarit\u00e9 de l\u2019ensemble de la collectivit\u00e9 nationale, qui lui garantit, en vertu de cette obligation, l\u2019acc\u00e8s aux droits fondamentaux reconnus de tous les citoyens ainsi que le plein exercice de sa citoyennet\u00e9<\/em> \u00bb.<\/p><h2><strong>Qu\u2019est-ce que la d\u00e9marche Handicap+ Formation ?<\/strong><\/h2><p><strong>H+ Formation<\/strong> est la d\u00e9marche qualitative d\u2019accueil et d\u2019accompagnement en formation des personnes en situation de handicap cr\u00e9\u00e9e par la R\u00e9gion Auvergne Rh\u00f4ne-Alpes, en partenariat avec l\u2019Agefiph. Cette d\u00e9marche est propos\u00e9e aux structures de formation, aux centres de formation d\u2019apprentis\/organismes de formation d\u2019apprentissage, aux structures de formation du secteur sanitaire et social, aux Ecoles de la 2<sup>e<\/sup> chance et aux Ecoles de Production sur l\u2019ensemble du territoire d\u2019Auvergne-Rh\u00f4ne-Alpes. Cette d\u00e9marche a pour objectif de soutenir les organismes de formation et de faciliter leur mise en conformit\u00e9 avec la loi du 11 f\u00e9vrier 2005.<\/p><p>Les principes de cette d\u00e9marche reposent sur la <span style=\"text-decoration: underline;\"><span style=\"color: #0000ff;\"><a href=\"https:\/\/handicap-plus.auvergnerhonealpes.fr\/wp-content\/uploads\/2020\/08\/charte_hplus_V_mars2020.pdf\" target=\"_blank\" rel=\"noreferrer noopener\" style=\"color: #0000ff; text-decoration: underline;\">Charte qualitative d\u2019accueil et d\u2019accompagnement H+ Formation<\/a><\/span><\/span>.<\/p><p>Notre centre My English School de Lyon s\u2019est engag\u00e9 volontairement dans la D\u00e9marche H+ et a re\u00e7u un avis favorable de la R\u00e9gion Auvergne Rh\u00f4ne-Alpes pour sa d\u00e9marche qualitative pour l\u2019accueil de personnes en situation de handicap.<\/p><h2><strong>Pourquoi choisir un organisme H+\u00a0?<\/strong><\/h2><p>Dans les structures engag\u00e9es dans la d\u00e9marche H+ Formation, vous pourrez retrouver\u00a0:<\/p><ul><li>Un R\u00e9f\u00e9rent handicap form\u00e9 et \u00e0 votre \u00e9coute<\/li><li>Une \u00e9quipe sensibilis\u00e9e \u00e0 l\u2019accueil du handicap<\/li><li>La prise en compte de vos besoins en termes d\u2019adaptations p\u00e9dagogiques<\/li><li>Un accompagnement et un suivi tout au long de votre parcours<\/li><li>La structure de formation conna\u00eet le champ du handicap et les acteurs relais pour r\u00e9pondre le mieux possible \u00e0 votre demande.<\/li><\/ul><p>Retrouvez toutes les informations sur la <a href=\"file:\/\/\/var\/folders\/pz\/2_y2v60d625d3gt7yflsg8j40000gn\/T\/com.microsoft.Outlook\/Outlook Temp\/handicap-plus.auvergnerhonealpes.fr\" target=\"_blank\" rel=\"noopener\"><span style=\"text-decoration: underline;\"><span style=\"color: #0000ff; text-decoration: underline;\">d\u00e9marche H+ Formation<\/span><\/span><\/a>.<\/p><h2><strong>Envie de partager votre exp\u00e9rience H+?<\/strong><\/h2><p>Vous \u00eates un apprenant en situation de handicap et avez suivi une formation chez My English School\u00a0?<\/p><p>Votre avis est essentiel afin d\u2019am\u00e9liorer en permanence la qualit\u00e9 de nos services et de notre accompagnement. N\u2019h\u00e9sitez pas \u00e0 r\u00e9pondre \u00e0 l&#8217;<a href=\"https:\/\/www.alter-egal.fr\/sondage\/index.php\/599565?lang=fr\" target=\"_blank\" rel=\"noopener\"><span style=\"text-decoration: underline;\"><span style=\"color: #0000ff; text-decoration: underline;\">enqu\u00eate de satisfaction<\/span><\/span><\/a>.<\/p><h2><strong>Vous avez une question sur la d\u00e9marche H+ ? Contactez-nous !<\/strong><\/h2><p>Pour toute question concernant la d\u00e9marche H+ Formation ou l\u2019accompagnement d\u2019une personne en situation de handicap en formation, n\u2019h\u00e9sitez pas \u00e0 contacter Marie JOUASSIN, notre r\u00e9f\u00e9rente handicap, par e-mail\u00a0: <a href=\"mailto:marie.jouassin@myes.fr\">marie.jouassin@myes.fr<\/a>.<\/p>\t\t\t\t\t\t\t\t<\/div>\n\t\t\t\t<\/div>\n\t\t\t\t\t<\/div>\n\t\t<\/div>\n\t\t\t\t\t<\/div>\n\t\t<\/section>\n\t\t\t\t<\/div>\n\t\t","protected":false},"excerpt":{"rendered":"<p>Loi pour l\u2019\u00e9galit\u00e9 des droits et des chances La loi du 11 f\u00e9vrier 2005 pour l\u2019\u00e9galit\u00e9 des droits et des chances, la participation et la citoyennet\u00e9 des personnes handicap\u00e9es introduit, pour la premi\u00e8re fois, dans le code de l\u2019action sociale et des familles, une d\u00e9finition du handicap inspir\u00e9e de la classification internationale du handicap. Elle [&hellip;]<\/p>\n","protected":false},"author":25,"featured_media":0,"parent":0,"menu_order":0,"comment_status":"closed","ping_status":"closed","template":"","meta":{"footnotes":""},"yst_prominent_words":[],"class_list":["post-140769","page","type-page","status-publish","hentry"],"acf":[],"_links":{"self":[{"href":"https:\/\/myes-staging.nohup.host\/fr\/wp-json\/wp\/v2\/pages\/140769","targetHints":{"allow":["GET"]}}],"collection":[{"href":"https:\/\/myes-staging.nohup.host\/fr\/wp-json\/wp\/v2\/pages"}],"about":[{"href":"https:\/\/myes-staging.nohup.host\/fr\/wp-json\/wp\/v2\/types\/page"}],"author":[{"embeddable":true,"href":"https:\/\/myes-staging.nohup.host\/fr\/wp-json\/wp\/v2\/users\/25"}],"replies":[{"embeddable":true,"href":"https:\/\/myes-staging.nohup.host\/fr\/wp-json\/wp\/v2\/comments?post=140769"}],"version-history":[{"count":31,"href":"https:\/\/myes-staging.nohup.host\/fr\/wp-json\/wp\/v2\/pages\/140769\/revisions"}],"predecessor-version":[{"id":140840,"href":"https:\/\/myes-staging.nohup.host\/fr\/wp-json\/wp\/v2\/pages\/140769\/revisions\/140840"}],"wp:attachment":[{"href":"https:\/\/myes-staging.nohup.host\/fr\/wp-json\/wp\/v2\/media?parent=140769"}],"wp:term":[{"taxonomy":"yst_prominent_words","embeddable":true,"href":"https:\/\/myes-staging.nohup.host\/fr\/wp-json\/wp\/v2\/yst_prominent_words?post=140769"}],"curies":[{"name":"wp","href":"https:\/\/api.w.org\/{rel}","templated":true}]}}