{"id":98341,"date":"2022-05-18T17:51:52","date_gmt":"2022-05-18T15:51:52","guid":{"rendered":"https:\/\/myes-staging.nohup.host\/obiettivi\/ottieni-una-certificazione\/trinity\/"},"modified":"2023-01-18T11:45:37","modified_gmt":"2023-01-18T10:45:37","slug":"trinity","status":"publish","type":"page","link":"https:\/\/myes-staging.nohup.host\/fr\/objectifs\/certifications-anglais\/trinity\/","title":{"rendered":"Trinity"},"content":{"rendered":"\t\t<div data-elementor-type=\"wp-page\" data-elementor-id=\"98341\" class=\"elementor elementor-98341 elementor-80654\" data-elementor-post-type=\"page\">\n\t\t\t\t\t\t<section class=\"elementor-section elementor-top-section elementor-element elementor-element-1a24831e elementor-section-boxed elementor-section-height-default elementor-section-height-default\" data-id=\"1a24831e\" data-element_type=\"section\" data-settings=\"{&quot;jet_parallax_layout_list&quot;:[]}\">\n\t\t\t\t\t\t<div class=\"elementor-container elementor-column-gap-default\">\n\t\t\t\t\t<div class=\"elementor-column elementor-col-100 elementor-top-column elementor-element elementor-element-7e70cfeb\" data-id=\"7e70cfeb\" data-element_type=\"column\">\n\t\t\t<div class=\"elementor-widget-wrap elementor-element-populated\">\n\t\t\t\t\t\t<div class=\"elementor-element elementor-element-73c568dc elementor-widget elementor-widget-heading\" data-id=\"73c568dc\" data-element_type=\"widget\" data-widget_type=\"heading.default\">\n\t\t\t\t<div class=\"elementor-widget-container\">\n\t\t\t\t\t<h2 class=\"elementor-heading-title elementor-size-default\">PR\u00c9SENTATION DE LA FORMATION\n<\/h2>\t\t\t\t<\/div>\n\t\t\t\t<\/div>\n\t\t\t\t<div class=\"elementor-element elementor-element-77157c8a certificazione elementor-widget elementor-widget-text-editor\" data-id=\"77157c8a\" data-element_type=\"widget\" data-widget_type=\"text-editor.default\">\n\t\t\t\t<div class=\"elementor-widget-container\">\n\t\t\t\t\t\t\t\t\t<p><span>Si\u00a0<a href=\"https:\/\/myes.school\/fr\/formations-d-anglais\/cours-pour-etudiants\">vous \u00eates \u00e9tudiant<\/a>\u00a0ou enseignant et que vous souhaitez certifier votre niveau d\u2019anglais, alors une formation d\u2019anglais Trinity est ce qu\u2019il vous faut. Pr\u00e9parer une certification Trinity avec My English School, c\u2019est la garantie d\u2019une formation personnalis\u00e9e de qualit\u00e9 gr\u00e2ce \u00e0 la m\u00e9thode MySmart English.<\/span><\/p><p><span>D\u00e9couvrez nos cours construits sur mesure pour r\u00e9pondre \u00e0 vos besoins, nos formateurs natifs dipl\u00f4m\u00e9s de l\u2019enseignement, notre environnement moderne et nos contenus p\u00e9dagogiques en ligne.<\/span><\/p>\t\t\t\t\t\t\t\t<\/div>\n\t\t\t\t<\/div>\n\t\t\t\t<div class=\"elementor-element elementor-element-3ab7a6b7 elementor-widget elementor-widget-spacer\" data-id=\"3ab7a6b7\" data-element_type=\"widget\" data-widget_type=\"spacer.default\">\n\t\t\t\t<div class=\"elementor-widget-container\">\n\t\t\t\t\t\t\t<div class=\"elementor-spacer\">\n\t\t\t<div class=\"elementor-spacer-inner\"><\/div>\n\t\t<\/div>\n\t\t\t\t\t\t<\/div>\n\t\t\t\t<\/div>\n\t\t\t\t\t<\/div>\n\t\t<\/div>\n\t\t\t\t\t<\/div>\n\t\t<\/section>\n\t\t\t\t<section class=\"elementor-section elementor-top-section elementor-element elementor-element-85bcc1b elementor-section-boxed elementor-section-height-default elementor-section-height-default\" data-id=\"85bcc1b\" data-element_type=\"section\" data-settings=\"{&quot;jet_parallax_layout_list&quot;:[]}\">\n\t\t\t\t\t\t<div class=\"elementor-container elementor-column-gap-default\">\n\t\t\t\t\t<div class=\"elementor-column elementor-col-100 elementor-top-column elementor-element elementor-element-472f8cb\" data-id=\"472f8cb\" data-element_type=\"column\">\n\t\t\t<div class=\"elementor-widget-wrap\">\n\t\t\t\t\t\t\t<\/div>\n\t\t<\/div>\n\t\t\t\t\t<\/div>\n\t\t<\/section>\n\t\t\t\t<section class=\"elementor-section elementor-top-section elementor-element elementor-element-13bf7ed elementor-section-boxed elementor-section-height-default elementor-section-height-default\" data-id=\"13bf7ed\" data-element_type=\"section\" data-settings=\"{&quot;jet_parallax_layout_list&quot;:[]}\">\n\t\t\t\t\t\t<div class=\"elementor-container elementor-column-gap-default\">\n\t\t\t\t\t<div class=\"elementor-column elementor-col-100 elementor-top-column elementor-element elementor-element-767f09\" data-id=\"767f09\" data-element_type=\"column\">\n\t\t\t<div class=\"elementor-widget-wrap elementor-element-populated\">\n\t\t\t\t\t\t<div class=\"elementor-element elementor-element-6ced08e elementor-widget elementor-widget-heading\" data-id=\"6ced08e\" data-element_type=\"widget\" data-widget_type=\"heading.default\">\n\t\t\t\t<div class=\"elementor-widget-container\">\n\t\t\t\t\t<h2 class=\"elementor-heading-title elementor-size-default\">Quelle est la dur\u00e9e de la formation ?<\/h2>\t\t\t\t<\/div>\n\t\t\t\t<\/div>\n\t\t\t\t<div class=\"elementor-element elementor-element-c2bba47 elementor-widget elementor-widget-text-editor\" data-id=\"c2bba47\" data-element_type=\"widget\" data-widget_type=\"text-editor.default\">\n\t\t\t\t<div class=\"elementor-widget-container\">\n\t\t\t\t\t\t\t\t\t<div class=\"wgl-accordion_panel\"><div class=\"wgl-accordion_content\"><p><span>My English School vous accompagne dans le cadre de votre pr\u00e9paration \u00e0 la certification Trinity et vous propose de nombreuses activit\u00e9s de conversation en petits groupes, anim\u00e9es par des formateurs natifs. Votre formation chez MyES n\u2019a pas de dur\u00e9e d\u00e9termin\u00e9e : votre cours d\u2019anglais Trinity s\u2019adaptera \u00e0 votre rythme d\u2019apprentissage, et vous ne pr\u00e9senterez l\u2019examen que lorsque vous serez vraiment pr\u00eat.<\/span><\/p><\/div><\/div>\t\t\t\t\t\t\t\t<\/div>\n\t\t\t\t<\/div>\n\t\t\t\t<div class=\"elementor-element elementor-element-a6927bd elementor-widget elementor-widget-heading\" data-id=\"a6927bd\" data-element_type=\"widget\" data-widget_type=\"heading.default\">\n\t\t\t\t<div class=\"elementor-widget-container\">\n\t\t\t\t\t<h2 class=\"elementor-heading-title elementor-size-default\">Qu'est-ce que la certification Trinity ?<\/h2>\t\t\t\t<\/div>\n\t\t\t\t<\/div>\n\t\t\t\t<div class=\"elementor-element elementor-element-b6444ec elementor-widget elementor-widget-text-editor\" data-id=\"b6444ec\" data-element_type=\"widget\" data-widget_type=\"text-editor.default\">\n\t\t\t\t<div class=\"elementor-widget-container\">\n\t\t\t\t\t\t\t\t\t<div class=\"wgl-accordion_panel\"><div class=\"wgl-accordion_content\"><p><span>Il existe deux types d\u2019examens Trinity : le GESE, qui met l\u2019accent sur la compr\u00e9hension et l\u2019expression orales, et l\u2019ISE, qui porte sur la compr\u00e9hension et l\u2019expression \u00e9crites. La certification Trinity se pr\u00e9pare facilement, et comme les examens Cambridge, n\u2019a pas de date d\u2019expiration.<\/span><\/p><\/div><\/div>\t\t\t\t\t\t\t\t<\/div>\n\t\t\t\t<\/div>\n\t\t\t\t<div class=\"elementor-element elementor-element-6cc0eeb elementor-widget elementor-widget-heading\" data-id=\"6cc0eeb\" data-element_type=\"widget\" data-widget_type=\"heading.default\">\n\t\t\t\t<div class=\"elementor-widget-container\">\n\t\t\t\t\t<h2 class=\"elementor-heading-title elementor-size-default\">Dans quels cas la certification Trinity est-elle requise ?<\/h2>\t\t\t\t<\/div>\n\t\t\t\t<\/div>\n\t\t\t\t<div class=\"elementor-element elementor-element-69613de elementor-widget elementor-widget-text-editor\" data-id=\"69613de\" data-element_type=\"widget\" data-widget_type=\"text-editor.default\">\n\t\t\t\t<div class=\"elementor-widget-container\">\n\t\t\t\t\t\t\t\t\t<p>La certification Trinity, reconnue par de nombreuses universit\u00e9s, vous sera utile pour int\u00e9grer certaines grandes \u00e9coles et pourra vous permettre d&#8217;obtenir des cr\u00e9dits d&#8217;enseignements suppl\u00e9mentaires. C&#8217;est aussi une certification tr\u00e8s demand\u00e9e dans le cadre de certains parcours de formation des enseignants.\u00a0<\/p>\t\t\t\t\t\t\t\t<\/div>\n\t\t\t\t<\/div>\n\t\t\t\t\t<\/div>\n\t\t<\/div>\n\t\t\t\t\t<\/div>\n\t\t<\/section>\n\t\t\t\t<section class=\"elementor-section elementor-top-section elementor-element elementor-element-178853dd elementor-section-content-middle elementor-section-boxed elementor-section-height-default elementor-section-height-default\" data-id=\"178853dd\" data-element_type=\"section\" data-settings=\"{&quot;background_background&quot;:&quot;classic&quot;,&quot;jet_parallax_layout_list&quot;:[]}\">\n\t\t\t\t\t\t\t<div class=\"elementor-background-overlay\"><\/div>\n\t\t\t\t\t\t\t<div class=\"elementor-container elementor-column-gap-default\">\n\t\t\t\t\t<div class=\"elementor-column elementor-col-100 elementor-top-column elementor-element elementor-element-6bfc93a9\" data-id=\"6bfc93a9\" data-element_type=\"column\">\n\t\t\t<div class=\"elementor-widget-wrap elementor-element-populated\">\n\t\t\t\t\t\t<div class=\"elementor-element elementor-element-78d46b49 acenter elementor-widget elementor-widget-global elementor-global-134136 elementor-widget-wgl-double-headings\" data-id=\"78d46b49\" data-element_type=\"widget\" data-widget_type=\"wgl-double-headings.default\">\n\t\t\t\t<div class=\"elementor-widget-container\">\n\t\t\t\t\t<div class=\"wgl-double_heading\"><h3 class=\"dbl__title-wrapper\"><span class=\"dbl__title dbl-title_1\">O\u00d9 SE TROUVENT LES CENTRES MyES ?<\/span><\/h3><\/div>\t\t\t\t<\/div>\n\t\t\t\t<\/div>\n\t\t\t\t<div class=\"elementor-element elementor-element-287a41a7 elementor-widget elementor-widget-global elementor-global-134139 elementor-widget-text-editor\" data-id=\"287a41a7\" data-element_type=\"widget\" data-widget_type=\"text-editor.default\">\n\t\t\t\t<div class=\"elementor-widget-container\">\n\t\t\t\t\t\t\t\t\t<p><span>Nos centres de formation sont situ\u00e9s \u00e0 Bordeaux, Dijon et Lyon.<\/span><\/p>\t\t\t\t\t\t\t\t<\/div>\n\t\t\t\t<\/div>\n\t\t\t\t<div class=\"elementor-element elementor-element-5884e908 acenter elementor-widget elementor-widget-global elementor-global-132191 elementor-widget-wgl-button\" data-id=\"5884e908\" data-element_type=\"widget\" data-widget_type=\"wgl-button.default\">\n\t\t\t\t<div class=\"elementor-widget-container\">\n\t\t\t\t\t<div class=\"button-wrapper\"><a  class=\"wgl-button btn-size-xl \" role=\"button\" href=\"\/fr\/ou-nous-trouver\"><div class=\"button-content-wrapper \"><span class=\"wgl-button-text\">NOS CENTRES DE FORMATION<\/span><\/div><\/a><\/div>\t\t\t\t<\/div>\n\t\t\t\t<\/div>\n\t\t\t\t\t<\/div>\n\t\t<\/div>\n\t\t\t\t\t<\/div>\n\t\t<\/section>\n\t\t\t\t<section class=\"elementor-section elementor-top-section elementor-element elementor-element-6621fb27 elementor-section-content-middle elementor-section-boxed elementor-section-height-default elementor-section-height-default\" data-id=\"6621fb27\" data-element_type=\"section\" id=\"form\" data-settings=\"{&quot;jet_parallax_layout_list&quot;:[]}\">\n\t\t\t\t\t\t<div class=\"elementor-container elementor-column-gap-default\">\n\t\t\t\t\t<div class=\"elementor-column elementor-col-50 elementor-top-column elementor-element elementor-element-7d2cb1ca\" data-id=\"7d2cb1ca\" data-element_type=\"column\">\n\t\t\t<div class=\"elementor-widget-wrap elementor-element-populated\">\n\t\t\t\t\t\t<div class=\"elementor-element elementor-element-1b3597af aleft elementor-widget-icon-box wgl-icon-box elementor-view-default elementor-widget elementor-widget-global elementor-global-99052 elementor-widget-wgl-info-box\" data-id=\"1b3597af\" data-element_type=\"widget\" data-widget_type=\"wgl-info-box.default\">\n\t\t\t\t<div class=\"elementor-widget-container\">\n\t\t\t\t\t<div class=\"wgl-infobox\"><div class=\"wgl-infobox_wrapper wgl-layout-left\"><div class=\"media-wrapper icon-wrapper\"><span class=\"wgl-icon\" ><span class=\"icon elementor-icon\"><svg xmlns=\"http:\/\/www.w3.org\/2000\/svg\" id=\"a\" width=\"20mm\" height=\"20mm\" viewBox=\"0 0 56.69 56.69\"><circle cx=\"28.35\" cy=\"28.35\" r=\"28.35\" style=\"fill:#0f1f3d;\"><\/circle><g><path d=\"M33.02,10.03v13.9h23.33c-.12-.75-.27-1.48-.44-2.21h-8.93l7.21-5.01c-.56-1.23-1.19-2.41-1.91-3.54l-12.31,8.55h-2.58l14.07-9.78c-.47-.66-.97-1.3-1.49-1.92h-16.95Zm2.21,10.51V12.23h11.95l-11.95,8.31Z\" style=\"fill:#fff;\"><\/path><path d=\"M23.69,10.03H6.72c-1,1.18-1.91,2.44-2.71,3.78l11.39,7.91h-2.66L3.27,15.13c-.35,.66-.67,1.33-.97,2.01l6.58,4.57H.79c-.17,.73-.32,1.46-.44,2.21H23.69V10.03Zm-2.21,11.05L8.76,12.23h12.73v8.84Z\" style=\"fill:#fff;\"><\/path><path d=\"M21.49,46.69h2.21v-13.92H.35c.12,.75,.27,1.48,.44,2.21H9.41l-6.98,4.85c.55,1.23,1.18,2.42,1.89,3.56l12.1-8.41h2.63l-13.68,9.51h-.33c.47,.68,.98,1.35,1.51,1.99l.9,.22h14.04Zm0-10.72v8.51H9.24l12.25-8.51Z\" style=\"fill:#fff;\"><\/path><path d=\"M40.98,34.98h2.9l9.53,6.62c.35-.66,.67-1.33,.97-2.01l-6.63-4.61h8.16c.17-.73,.32-1.46,.44-2.21h-23.33v13.92h16.22l.9-.22c.9-1.08,1.72-2.22,2.45-3.42l-11.61-8.07Zm-5.75,9.51v-8.63l12.42,8.63h-12.42Z\" style=\"fill:#fff;\"><\/path><\/g><\/svg><\/span><\/span><\/div><div class=\"content_wrapper\"><div class=\"wgl-infobox-title_wrapper\"><h3 class=\"wgl-infobox_title\"><span class=\"wgl-infobox_title-idle\">UNE M\u00c9THODE UNIQUE EN FRANCE<\/span><\/h3><\/div><div class=\"wgl-infobox_content\"><p>Notre m\u00e9thode bas\u00e9e sur l'oral garantit des r\u00e9sultats d\u2019apprentissage imm\u00e9diats et durables pour tous les niveaux.<\/p><\/div><\/div><\/div><\/div>\t\t\t\t<\/div>\n\t\t\t\t<\/div>\n\t\t\t\t<div class=\"elementor-element elementor-element-1eb8ee4b aleft elementor-widget-icon-box wgl-icon-box elementor-view-default elementor-widget elementor-widget-global elementor-global-99055 elementor-widget-wgl-info-box\" data-id=\"1eb8ee4b\" data-element_type=\"widget\" data-widget_type=\"wgl-info-box.default\">\n\t\t\t\t<div class=\"elementor-widget-container\">\n\t\t\t\t\t<div class=\"wgl-infobox\"><div class=\"wgl-infobox_wrapper wgl-layout-left\"><div class=\"media-wrapper icon-wrapper\"><span class=\"wgl-icon\" ><span class=\"icon elementor-icon\"><svg xmlns=\"http:\/\/www.w3.org\/2000\/svg\" id=\"a\" width=\"20mm\" height=\"20mm\" viewBox=\"0 0 56.69 56.69\"><path d=\"M28.35,0h0C44,0,56.69,12.69,56.69,28.35s-12.69,28.35-28.35,28.35S0,44,0,28.35,12.69,0,28.35,0\" style=\"fill:#0f1f3d;\"><\/path><path d=\"M46.55,20.48c-1.09-.67-2.39-.95-3.69-.81l-.39-.34c-3.31-2.96-8.62-4.61-14.59-4.53-5.77,.07-10.93,1.78-13.81,4.57l-.29,.29c-1.28-.11-2.57,.17-3.63,.82-1.13,.7-1.68,1.81-1.53,3.14,.16,1.45,.99,2.45,2.32,2.8,.18,.05,.36,.08,.55,.11,0,.3,0,.6,.03,.91l.12,1.27c.27,2.84,.55,5.77,.9,8.66,.09,.72,.43,2.21,1.77,2.66l.11,1.87h5.02v-1.71h17.75l.12,1.73h4.84l.13-1.93c1.04-.37,1.55-.88,1.84-2.43,.37-2,.66-4.13,.88-6.34,.13-1.3,.17-2.62,.21-3.89,0-.26,.02-.51,.03-.77,.1-.01,.19-.03,.29-.06,1.43-.33,2.33-1.3,2.53-2.73,.2-1.41-.32-2.54-1.5-3.27Zm-20.22-3.44c.25-.02,.5-.03,.75-.05,.26,0,.53-.02,.8-.02,.66-.01,1.31,.01,1.95,.05,4.28,.22,8.11,1.35,10.98,3.23-1.12,.54-2.02,1.41-2.55,2.49-.49,.99-.87,2.18-1.16,3.63-.17,.82-.24,1.65-.3,2.46-2.13-.49-4.24-.4-6.29-.32-.72,.03-1.47,.06-2.19,.06-.72,0-1.43-.03-2.19-.06-2.03-.09-4.11-.18-6.21,.39-.02-.35-.06-.7-.13-1.06-.07-.33-.14-.66-.21-.99-.27-1.35-.56-2.74-1.14-4.05-.5-1.13-1.44-2.04-2.62-2.59,2.49-1.65,5.92-2.75,9.75-3.09,.25-.03,.51-.05,.77-.06Zm19.55,6.4c-.07,.53-.31,.77-.86,.9-.16,.04-.35,.05-.57,.07-.13,.01-.26,.02-.4,.04l-.93,.1-.04,.93c-.03,.58-.05,1.16-.06,1.74-.04,1.3-.08,2.52-.2,3.75-.21,2.15-.49,4.22-.85,6.16-.1,.53-.17,.66-.17,.67-.1,.08-.59,.21-.83,.27l-.76,.2-.1,1.43h-.76l-.12-1.73H17.25v1.71h-.77l-.11-1.81-1.1,.08c-.27,.02-.45,.03-.56-.86-.34-2.86-.62-5.78-.89-8.61l-.12-1.27c-.03-.33-.02-.69-.01-1.06,0-.19,0-.39,0-.58v-.93l-.92-.15c-.19-.03-.36-.05-.53-.08-.3-.04-.54-.07-.74-.13-.38-.1-.63-.29-.7-.92-.06-.5,.08-.78,.5-1.03,.89-.55,2.06-.67,3.12-.34,.95,.29,1.67,.89,2.02,1.69,.48,1.08,.73,2.3,.99,3.59,.07,.34,.14,.68,.21,1.02,.09,.39,.09,.83,.11,1.34,0,.26,.01,.54,.03,.82l.09,1.55,1.43-.6c2.16-.91,4.38-.82,6.74-.72,.75,.03,1.52,.07,2.28,.06,.76,0,1.53-.03,2.27-.06,2.38-.1,4.62-.19,6.82,.59l1.31,.46,.14-1.39c.04-.4,.07-.79,.1-1.17,.06-.84,.12-1.62,.27-2.37,.26-1.26,.58-2.28,.98-3.1,.4-.82,1.19-1.45,2.16-1.73,1.05-.3,2.15-.17,3.02,.37,.37,.23,.57,.48,.48,1.11Z\" style=\"fill:#fff;\"><\/path><\/svg><\/span><\/span><\/div><div class=\"content_wrapper\"><div class=\"wgl-infobox-title_wrapper\"><h3 class=\"wgl-infobox_title\"><span class=\"wgl-infobox_title-idle\">UNE AMBIANCE D\u00c9CONTRACT\u00c9E<\/span><\/h3><\/div><div class=\"wgl-infobox_content\"><p>Vous prenez plaisir \u00e0 apprendre l'anglais sans vous en rendre compte dans une ambiance d\u00e9contract\u00e9e\u00a0<\/p><\/div><\/div><\/div><\/div>\t\t\t\t<\/div>\n\t\t\t\t<\/div>\n\t\t\t\t<div class=\"elementor-element elementor-element-39dfef9c aleft elementor-widget-icon-box wgl-icon-box elementor-view-default elementor-widget elementor-widget-global elementor-global-99058 elementor-widget-wgl-info-box\" data-id=\"39dfef9c\" data-element_type=\"widget\" data-widget_type=\"wgl-info-box.default\">\n\t\t\t\t<div class=\"elementor-widget-container\">\n\t\t\t\t\t<div class=\"wgl-infobox\"><div class=\"wgl-infobox_wrapper wgl-layout-left\"><div class=\"media-wrapper icon-wrapper\"><span class=\"wgl-icon\" ><span class=\"icon elementor-icon\"><svg xmlns=\"http:\/\/www.w3.org\/2000\/svg\" id=\"a\" width=\"20mm\" height=\"20mm\" viewBox=\"0 0 56.69 56.69\"><path d=\"M28.35,0h0C44,0,56.69,12.69,56.69,28.35s-12.69,28.35-28.35,28.35S0,44,0,28.35,12.69,0,28.35,0\" style=\"fill:#0f1f3d;\"><\/path><g><path d=\"M28.29,9.61c-10.22,0-18.54,8.31-18.54,18.54s8.31,18.53,18.54,18.53,18.54-8.31,18.54-18.53S38.51,9.61,28.29,9.61Zm1.11,34.81v-3.68c0-.61-.49-1.1-1.1-1.1s-1.1,.49-1.1,1.1v3.68c-8.13-.54-14.63-7.05-15.18-15.17h3.59c.61,0,1.1-.49,1.1-1.1s-.49-1.1-1.1-1.1h-3.59c.55-8.12,7.05-14.63,15.17-15.17v3.68c0,.61,.49,1.1,1.1,1.1s1.1-.49,1.1-1.1v-3.68c8.13,.55,14.63,7.05,15.18,15.17h-3.78c-.61,0-1.1,.49-1.1,1.1s.49,1.1,1.1,1.1h3.78c-.55,8.12-7.05,14.62-15.17,15.17Z\" style=\"fill:#fff;\"><\/path><polygon points=\"28.31 28.28 23.23 23.47 21.71 25.07 28.36 31.35 38.11 21.6 36.55 20.04 28.31 28.28\" style=\"fill:#fff;\"><\/polygon><\/g><\/svg><\/span><\/span><\/div><div class=\"content_wrapper\"><div class=\"wgl-infobox-title_wrapper\"><h3 class=\"wgl-infobox_title\"><span class=\"wgl-infobox_title-idle\">DES FORMULES SUR-MESURE<\/span><\/h3><\/div><div class=\"wgl-infobox_content\"><p>Des formules qui s'adaptent \u00e0 votre niveau, votre objectif et votre budget avec un accompagnement personnalis\u00e9.<\/p><\/div><\/div><\/div><\/div>\t\t\t\t<\/div>\n\t\t\t\t<\/div>\n\t\t\t\t\t<\/div>\n\t\t<\/div>\n\t\t\t\t<div class=\"elementor-column elementor-col-50 elementor-top-column elementor-element elementor-element-5d931e70\" data-id=\"5d931e70\" data-element_type=\"column\" id=\"contatti\" data-settings=\"{&quot;background_background&quot;:&quot;classic&quot;}\">\n\t\t\t<div class=\"elementor-widget-wrap elementor-element-populated\">\n\t\t\t\t\t\t<div class=\"elementor-element elementor-element-dd3df19 acenter elementor-widget elementor-widget-wgl-double-headings\" data-id=\"dd3df19\" data-element_type=\"widget\" data-widget_type=\"wgl-double-headings.default\">\n\t\t\t\t<div class=\"elementor-widget-container\">\n\t\t\t\t\t<div class=\"wgl-double_heading\"><div class=\"dbl__title-wrapper\"><span class=\"dbl__title dbl-title_1\">NOUS CONTACTER<\/span><\/div><\/div>\t\t\t\t<\/div>\n\t\t\t\t<\/div>\n\t\t\t\t<div class=\"elementor-element elementor-element-60d010ee elementor-widget elementor-widget-global elementor-global-98497 elementor-global-6565 elementor-widget-text-editor\" data-id=\"60d010ee\" data-element_type=\"widget\" data-widget_type=\"text-editor.default\">\n\t\t\t\t<div class=\"elementor-widget-container\">\n\t\t\t\t\t\t\t\t\t<p><span>Vous souhaitez recevoir de plus amples informations ou \u00eatre conseill\u00e9(e) ? Remplissez ce formulaire et nous vous r\u00e9pondrons dans les plus brefs d\u00e9lais.<\/span><\/p>\t\t\t\t\t\t\t\t<\/div>\n\t\t\t\t<\/div>\n\t\t\t\t<div class=\"elementor-element elementor-element-7d129f6f elementor-widget elementor-widget-spacer\" data-id=\"7d129f6f\" data-element_type=\"widget\" data-widget_type=\"spacer.default\">\n\t\t\t\t<div class=\"elementor-widget-container\">\n\t\t\t\t\t\t\t<div class=\"elementor-spacer\">\n\t\t\t<div class=\"elementor-spacer-inner\"><\/div>\n\t\t<\/div>\n\t\t\t\t\t\t<\/div>\n\t\t\t\t<\/div>\n\t\t\t\t<div class=\"elementor-element elementor-element-1820f1b9 elementor-widget elementor-widget-shortcode\" data-id=\"1820f1b9\" data-element_type=\"widget\" data-widget_type=\"shortcode.default\">\n\t\t\t\t<div class=\"elementor-widget-container\">\n\t\t\t\t\t\t\t<div class=\"elementor-shortcode\"><form class=\"new-website-custom-form\" action=\"\/wp-content\/themes\/unicoach-child\/submits\/generic_form_fr_submit.php\" method=\"post\" id=\"contactForm_inpage\"><div class=\"row\"><input class=\"\/fr\/wp-json\/wp\/v2\/pages\/98341\" type=\"hidden\" name=\"testtest\" value=\"8ff52c498f\" required><input type=\"hidden\" name=\"form_page\" value=\"98341\" required><input type=\"hidden\" name=\"form_page_title\" value=\"Trinity\" required><input type=\"hidden\" name=\"page_uq\" value=\"873cfbb2-bb14-45d3-ac72-4ca09b370e94\" required><input type=\"hidden\" id=\"referral\" name=\"referral\" value=\"\"><input type=\"hidden\" name=\"lang\" value=\"fr\"><input type=\"hidden\" name=\"thx_page\" value=\"\"><div class=\"wgl_col-6\"><input class=\"w-100\" type=\"text\" name=\"name\" placeholder=\"Pr\u00e9nom\" required maxlength=\"50\"><\/div><div class=\"wgl_col-6\"><input class=\"w-100\" type=\"text\" name=\"surname\" placeholder=\"Nom\" required maxlength=\"50\"><\/div><div class=\"wgl_col-6\"><input class=\"w-100\" type=\"email\" name=\"email\" placeholder=\"Email\" required><\/div><div class=\"wgl_col-6\"><input class=\"w-100\" type=\"tel\" pattern=\"[0-9]{10,10}\" name=\"phone\" placeholder=\"T\u00e9l\u00e9phone\" required><\/div><div class=\"wgl_col-12 new-custom-select-foo-fr\"><select name=\"school_type\" required><option value=\"\">Choisissez le type de formation<\/option><option value=\"1\">En centre<\/option><option value=\"2\">\u00c0 distance<\/option><option value=\"3\">En entreprise<\/option><\/select><\/div><div class=\"wgl_col-12 new-custom-select-bar-fr d-none\"><select name=\"school\" required><option value=\"\" selected>Choisissez une ville<\/option><option value=\"111\">Autre ville<\/option><option value=\"126\">Bordeaux Merignac<\/option><option value=\"115\">Dijon<\/option><option value=\"49\">Lyon 3 Prefecture<\/option><option value=\"131\">Lyon 9 Gorge De Loup<\/option><\/select><\/div><div class=\"wgl_col-6 new-form-control-bar-fr d-none\"><input class=\"w-100\" type=\"tel\" name=\"zipcode\" placeholder=\"Code Postal\" ><\/div><input type=\"hidden\" id=\"gclid_field\" name=\"gclid_field\" value=\"\"><input type=\"hidden\" name=\"recaptcha_response\" class=\"recaptchaResponse\"><div class=\"wgl_col-12 privacy-form\"><label><input class=\"general-form-privacy\" type=\"checkbox\" name=\"privacy\" required>Ayant plus de 16 ans, je d\u00e9clare avoir \u00e9t\u00e9 inform\u00e9 et je consens au traitement de mes donn\u00e9es personnelles conform\u00e9ment \u00e0 <a target=\"_blank\" href=\"https:\/\/www.myes.school\/wp-content\/uploads\/2023\/07\/MyBRAND-FR.pdf\" target=\"_blank\">la politique de confidentialit\u00e9<\/a>.<\/label><\/div><div class=\"wgl_col-12 privacy-form privacy_optional\"><label><input class=\"general-form-privacy-optional\" type=\"checkbox\" name=\"privacy_optional\">J\u2019accepte de recevoir des communications commerciales et promotionnelles relatives aux produits et services de la marque MyES<\/label><\/div><div class=\"wgl_col-6\"><button class=\"general-form-cta g-recaptcha\" data-sitekey=\"6LfzUQohAAAAAHsCskqqOk4lXySy5vePxpFbgi6q\" data-callback=\"onSubmit\">Envoyer<\/button><\/div><\/div><script type=\"text\/javascript\">var __ss_noform = __ss_noform || [];__ss_noform.push(['baseURI', 'https:\/\/app-3QNDKEDZ0Y.marketingautomation.services\/webforms\/receivePostback\/MzawMDEzMzS2BAA\/']);__ss_noform.push(['endpoint', '873cfbb2-bb14-45d3-ac72-4ca09b370e94']);<\/script><script type=\"text\/javascript\" src=\"https:\/\/koi-3QNDKEDZ0Y.marketingautomation.services\/client\/noform.js?ver=1.24\" ><\/script><\/form><\/div>\n\t\t\t\t\t\t<\/div>\n\t\t\t\t<\/div>\n\t\t\t\t\t<\/div>\n\t\t<\/div>\n\t\t\t\t\t<\/div>\n\t\t<\/section>\n\t\t\t\t<\/div>\n\t\t","protected":false},"excerpt":{"rendered":"<p>PR\u00c9SENTATION DE LA FORMATION Si\u00a0vous \u00eates \u00e9tudiant\u00a0ou enseignant et que vous souhaitez certifier votre niveau d\u2019anglais, alors une formation d\u2019anglais Trinity est ce qu\u2019il vous faut. Pr\u00e9parer une certification Trinity avec My English School, c\u2019est la garantie d\u2019une formation personnalis\u00e9e de qualit\u00e9 gr\u00e2ce \u00e0 la m\u00e9thode MySmart English. D\u00e9couvrez nos cours construits sur mesure pour [&hellip;]<\/p>\n","protected":false},"author":10,"featured_media":0,"parent":98329,"menu_order":0,"comment_status":"closed","ping_status":"closed","template":"","meta":{"footnotes":""},"yst_prominent_words":[],"class_list":["post-98341","page","type-page","status-publish","hentry"],"acf":[],"_links":{"self":[{"href":"https:\/\/myes-staging.nohup.host\/fr\/wp-json\/wp\/v2\/pages\/98341","targetHints":{"allow":["GET"]}}],"collection":[{"href":"https:\/\/myes-staging.nohup.host\/fr\/wp-json\/wp\/v2\/pages"}],"about":[{"href":"https:\/\/myes-staging.nohup.host\/fr\/wp-json\/wp\/v2\/types\/page"}],"author":[{"embeddable":true,"href":"https:\/\/myes-staging.nohup.host\/fr\/wp-json\/wp\/v2\/users\/10"}],"replies":[{"embeddable":true,"href":"https:\/\/myes-staging.nohup.host\/fr\/wp-json\/wp\/v2\/comments?post=98341"}],"version-history":[{"count":38,"href":"https:\/\/myes-staging.nohup.host\/fr\/wp-json\/wp\/v2\/pages\/98341\/revisions"}],"predecessor-version":[{"id":144195,"href":"https:\/\/myes-staging.nohup.host\/fr\/wp-json\/wp\/v2\/pages\/98341\/revisions\/144195"}],"up":[{"embeddable":true,"href":"https:\/\/myes-staging.nohup.host\/fr\/wp-json\/wp\/v2\/pages\/98329"}],"wp:attachment":[{"href":"https:\/\/myes-staging.nohup.host\/fr\/wp-json\/wp\/v2\/media?parent=98341"}],"wp:term":[{"taxonomy":"yst_prominent_words","embeddable":true,"href":"https:\/\/myes-staging.nohup.host\/fr\/wp-json\/wp\/v2\/yst_prominent_words?post=98341"}],"curies":[{"name":"wp","href":"https:\/\/api.w.org\/{rel}","templated":true}]}}