{"id":98361,"date":"2022-05-23T12:12:40","date_gmt":"2022-05-23T10:12:40","guid":{"rendered":"https:\/\/myes-staging.nohup.host\/domande-e-risposte\/"},"modified":"2022-07-14T11:55:02","modified_gmt":"2022-07-14T09:55:02","slug":"faq","status":"publish","type":"page","link":"https:\/\/myes-staging.nohup.host\/fr\/faq\/","title":{"rendered":"FAQ"},"content":{"rendered":"\t\t<div data-elementor-type=\"wp-page\" data-elementor-id=\"98361\" class=\"elementor elementor-98361 elementor-80920\" data-elementor-post-type=\"page\">\n\t\t\t\t\t\t<section class=\"elementor-section elementor-top-section elementor-element elementor-element-da9a720 elementor-section-boxed elementor-section-height-default elementor-section-height-default\" data-id=\"da9a720\" data-element_type=\"section\" data-settings=\"{&quot;jet_parallax_layout_list&quot;:[]}\">\n\t\t\t\t\t\t<div class=\"elementor-container elementor-column-gap-default\">\n\t\t\t\t\t<div class=\"elementor-column elementor-col-100 elementor-top-column elementor-element elementor-element-03e09f8\" data-id=\"03e09f8\" data-element_type=\"column\">\n\t\t\t<div class=\"elementor-widget-wrap elementor-element-populated\">\n\t\t\t\t\t\t<div class=\"elementor-element elementor-element-f319785 elementor-widget elementor-widget-heading\" data-id=\"f319785\" data-element_type=\"widget\" data-widget_type=\"heading.default\">\n\t\t\t\t<div class=\"elementor-widget-container\">\n\t\t\t\t\t<h2 class=\"elementor-heading-title elementor-size-default\">F.A.Q<\/h2>\t\t\t\t<\/div>\n\t\t\t\t<\/div>\n\t\t\t\t<div class=\"elementor-element elementor-element-22e3a58 elementor-widget elementor-widget-text-editor\" data-id=\"22e3a58\" data-element_type=\"widget\" data-widget_type=\"text-editor.default\">\n\t\t\t\t<div class=\"elementor-widget-container\">\n\t\t\t\t\t\t\t\t\t<p><span>D\u00e9couvrez sur cette page les r\u00e9ponses aux questions les plus fr\u00e9quentes.<\/span><\/p>\t\t\t\t\t\t\t\t<\/div>\n\t\t\t\t<\/div>\n\t\t\t\t<div class=\"elementor-element elementor-element-b083760 elementor-widget elementor-widget-spacer\" data-id=\"b083760\" data-element_type=\"widget\" data-widget_type=\"spacer.default\">\n\t\t\t\t<div class=\"elementor-widget-container\">\n\t\t\t\t\t\t\t<div class=\"elementor-spacer\">\n\t\t\t<div class=\"elementor-spacer-inner\"><\/div>\n\t\t<\/div>\n\t\t\t\t\t\t<\/div>\n\t\t\t\t<\/div>\n\t\t\t\t\t<\/div>\n\t\t<\/div>\n\t\t\t\t\t<\/div>\n\t\t<\/section>\n\t\t\t\t<section class=\"elementor-section elementor-top-section elementor-element elementor-element-57db92b elementor-section-boxed elementor-section-height-default elementor-section-height-default\" data-id=\"57db92b\" data-element_type=\"section\" data-settings=\"{&quot;jet_parallax_layout_list&quot;:[]}\">\n\t\t\t\t\t\t<div class=\"elementor-container elementor-column-gap-default\">\n\t\t\t\t\t<div class=\"elementor-column elementor-col-100 elementor-top-column elementor-element elementor-element-930bb9c\" data-id=\"930bb9c\" data-element_type=\"column\">\n\t\t\t<div class=\"elementor-widget-wrap elementor-element-populated\">\n\t\t\t\t\t\t<div class=\"elementor-element elementor-element-49a372f elementor-view-default elementor-widget elementor-widget-wgl-toggle-accordion\" data-id=\"49a372f\" data-element_type=\"widget\" data-widget_type=\"wgl-toggle-accordion.default\">\n\t\t\t\t<div class=\"elementor-widget-container\">\n\t\t\t\t\t<div class=\"wgl-accordion icon-plus\" id=\"wgl-accordion-49a372f\" data-type=\"accordion\"><div class=\"wgl-accordion_panel\"><h4 id=\"wgl-accordion_header-7721\" class=\"wgl-accordion_header\" data-default=\"\"><span class=\"wgl-accordion_title\">EN QUOI MY ENGLISH SCHOOL EST-IL DIFF\u00c9RENT DES AUTRES CENTRES DE FORMATION \u00c0 L\u2019ANGLAIS ?<\/span><i class=\"wgl-accordion_icon elementor-icon \"><\/i><\/h4><div class=\"wgl-accordion_content\"><p><span>My English School est l\u2019organisme de formation fait pour vous : vous choisissez les jours et les horaires de vos cours, en fonction de vos disponibilit\u00e9s hebdomadaires. Et si quelque chose n\u2019est pas suffisamment clair pour vous, vous avez la possibilit\u00e9 de r\u00e9p\u00e9ter chaque le\u00e7on autant de fois que n\u00e9cessaire ! My English School est synonyme de flexibilit\u00e9, d\u2019innovation et de personnalisation. Ce n\u2019est que dans nos centres que vous pourrez vivre l\u2019exp\u00e9rience de l\u2019anglais \u00e0 360\u00b0, avec de nombreuses activit\u00e9s de conversation anim\u00e9es par nos formateurs natifs dipl\u00f4m\u00e9s et exp\u00e9riment\u00e9s.<\/span><\/p><\/div><\/div><div class=\"wgl-accordion_panel\"><h4 id=\"wgl-accordion_header-7722\" class=\"wgl-accordion_header\" data-default=\"\"><span class=\"wgl-accordion_title\">POURQUOI DANS LES CENTRES MY ENGLISH SCHOOL IL N\u2019Y A PAS DE SALLE DE CLASSE ?<\/span><i class=\"wgl-accordion_icon elementor-icon \"><\/i><\/h4><div class=\"wgl-accordion_content\"><p><span>Parce que nous souhaitons que vous vous sentiez chez vous. Nous pensons qu\u2019il est essentiel d\u2019accueillir nos stagiaires dans un environnement dans lequel ils se sentent bien, qui stimule l\u2019interaction entre eux et favorise l\u2019apprentissage.<\/span><\/p><\/div><\/div><div class=\"wgl-accordion_panel\"><h4 id=\"wgl-accordion_header-7723\" class=\"wgl-accordion_header\" data-default=\"\"><span class=\"wgl-accordion_title\">COMMENT PUIS-JE M\u2019INSCRIRE \u00c0 UNE FORMATION ?<\/span><i class=\"wgl-accordion_icon elementor-icon \"><\/i><\/h4><div class=\"wgl-accordion_content\"><p><span>Contactez notre centre<\/span><span>\u00a0ou \u00e9crivez-nous \u00e0 cette adresse\u00a0<\/span><a href=\"mailto:info@myes.fr\"><span>info@myes.fr<\/span><\/a><\/p><\/div><\/div><div class=\"wgl-accordion_panel\"><h4 id=\"wgl-accordion_header-7724\" class=\"wgl-accordion_header\" data-default=\"\"><span class=\"wgl-accordion_title\">LES FORMATEURS SONT-ILS TOUS DE LANGUE MATERNELLE ANGLAISE ?<\/span><i class=\"wgl-accordion_icon elementor-icon \"><\/i><\/h4><div class=\"wgl-accordion_content\"><p><span>Oui, nos formateurs sont issus des principaux pays anglophones et sont tous certifi\u00e9s et dipl\u00f4m\u00e9s de l\u2019enseignement (Tefl, Celta ou Delta). Une formation chez MyES vous offre la possibilit\u00e9 de vous familiariser avec\u00a0 diff\u00e9rents accents qui enrichiront vos comp\u00e9tences linguistiques.<\/span><\/p><\/div><\/div><div class=\"wgl-accordion_panel\"><h4 id=\"wgl-accordion_header-7725\" class=\"wgl-accordion_header\" data-default=\"\"><span class=\"wgl-accordion_title\">QUELS SONT LES TARIFS DES FORMATIONS MyES ?<\/span><i class=\"wgl-accordion_icon elementor-icon \"><\/i><\/h4><div class=\"wgl-accordion_content\"><p><span>Il n\u2019existe pas de tarif fixe ! Vous \u00eates \u00e0 la recherche d\u2019une formation d\u2019anglais g\u00e9n\u00e9ral ou d\u2019un cours plus sp\u00e9cifique ? Combien de fois par semaine souhaitez-vous venir ? Combien de temps voulez-vous d\u00e9dier \u00e0 votre apprentissage ? Pr\u00e9f\u00e9rez-vous prendre des cours individuels ou en petits groupes ? Afin de vous communiquer le co\u00fbt total de votre formation, nous avons besoin de savoir comment structurer au mieux votre parcours en fonction de votre niveau, vos objectifs et vos disponibilit\u00e9s. Laissez nos consultants p\u00e9dagogiques vous guider dans le choix de la solution qui vous conviendra le mieux !<\/span><\/p><\/div><\/div><div class=\"wgl-accordion_panel\"><h4 id=\"wgl-accordion_header-7726\" class=\"wgl-accordion_header\" data-default=\"\"><span class=\"wgl-accordion_title\">POURQUOI CHOISIR MY ENGLISH SCHOOL ?<\/span><i class=\"wgl-accordion_icon elementor-icon \"><\/i><\/h4><div class=\"wgl-accordion_content\"><p><span>Parce que vous apprenez l\u2019anglais \u00e0 l\u2019aide d\u2019une m\u00e9thode in\u00e9dite, fond\u00e9e sur les derni\u00e8res th\u00e9ories p\u00e9dagogiques.\u00a0 De plus nous sommes un centre innovant : gr\u00e2ce \u00e0 notre application, vous \u00eates inform\u00e9 en temps r\u00e9el de tous les \u00e9v\u00e9nements que nous organisons, tels que les ap\u00e9ritifs, les soir\u00e9es cin\u00e9ma et bien plus encore, le tout en anglais bien \u00e9videmment ! Vous avez aussi la possibilit\u00e9 de vous exercer et de progresser o\u00f9 que vous soyez gr\u00e2ce aux Digital Books. Dans nos centres, en plus de travailler et d\u2019am\u00e9liorer vos connaissances des structures linguistiques, nous vous proposons de nombreuses activit\u00e9s de conversation dans des contextes du quotidien : la mani\u00e8re la plus efficace d\u2019apprendre l\u2019anglais !<\/span><\/p><\/div><\/div><div class=\"wgl-accordion_panel\"><h4 id=\"wgl-accordion_header-7727\" class=\"wgl-accordion_header\" data-default=\"\"><span class=\"wgl-accordion_title\">ENSEIGNEZ-VOUS L\u2019ANGLAIS BRITANNIQUE OU AM\u00c9RICAIN ?<\/span><i class=\"wgl-accordion_icon elementor-icon \"><\/i><\/h4><div class=\"wgl-accordion_content\">Les deux, chez Myes, nous enseignons l\u2019anglais parl\u00e9 au niveau international. Un parcours de formation comprend donc des activit\u00e9s en anglais britannique et en anglais am\u00e9ricain. De cette fa\u00e7on, vous habituez votre oreille \u00e0 des expressions et des accents diff\u00e9rents, de sorte que vous puissiez vous exprimer de mani\u00e8re autonome o\u00f9 que vous soyez.<\/div><\/div><div class=\"wgl-accordion_panel\"><h4 id=\"wgl-accordion_header-7728\" class=\"wgl-accordion_header\" data-default=\"\"><span class=\"wgl-accordion_title\">COMBIEN DE TEMPS DURENT VOS FORMATIONS ?<\/span><i class=\"wgl-accordion_icon elementor-icon \"><\/i><\/h4><div class=\"wgl-accordion_content\"><p><span>Comme il s\u2019agit de cours personnalis\u00e9s, l\u2019\u00e9tudiant choisit son parcours apr\u00e8s un test d\u2019\u00e9valuation de son niveau initial. La dur\u00e9e de la formation d\u00e9pend donc de l\u2019objectif que vous souhaitez atteindre.<\/span><\/p><\/div><\/div><div class=\"wgl-accordion_panel\"><h4 id=\"wgl-accordion_header-7729\" class=\"wgl-accordion_header\" data-default=\"\"><span class=\"wgl-accordion_title\">QUELS TYPES DE CERTIFICATS REMETTEZ-VOUS ?<\/span><i class=\"wgl-accordion_icon elementor-icon \"><\/i><\/h4><div class=\"wgl-accordion_content\"><div id=\"content\"><div id=\"1\" class=\"container mt-5\"><div class=\"row\"><div class=\"col-lg-6\"><div id=\"accordionExample_r\" class=\"accordion accordion-default\"><div class=\"card mb-5\"><div id=\"collapse_r_2\" class=\"collapse show\" aria-labelledby=\"heading_r_2\" data-parent=\"#accordionExample_r\"><div class=\"card-body\"><p><span>Nous remettons \u00e0 tous nos stagiaires un certificat de participation sur lequel appara\u00eet le niveau atteint \u00e0 la fin de la formation, sur l\u2019\u00e9chelle du Cadre Europ\u00e9en Commun de R\u00e9f\u00e9rence pour les Langues (de A2 \u00e0 C2). Chez MyES vous pouvez aussi vous pr\u00e9parer aux principales\u00a0<\/span><a href=\"https:\/\/myes.school\/fr\/certifications-d-anglais\">certifications d\u2019anglais<\/a><span>\u00a0(TOEFL, TOEIC, IELTS, etc.) et nous sommes centre de passation LINGUASKILL.<\/span><\/p><\/div><\/div><\/div><\/div><\/div><\/div><\/div><\/div><\/div><\/div><div class=\"wgl-accordion_panel\"><h4 id=\"wgl-accordion_header-77210\" class=\"wgl-accordion_header\" data-default=\"\"><span class=\"wgl-accordion_title\">JE NE TROUVE PAS DE R\u00c9PONSE \u00c0 MA QUESTION<\/span><i class=\"wgl-accordion_icon elementor-icon \"><\/i><\/h4><div class=\"wgl-accordion_content\"><div id=\"content\"><div id=\"1\" class=\"container mt-5\"><div class=\"row\"><div class=\"col-lg-6\"><div id=\"accordionExample_r\" class=\"accordion accordion-default\"><div class=\"card mb-5\"><div id=\"collapse_r_3\" class=\"collapse show\" aria-labelledby=\"heading_r_3\" data-parent=\"#accordionExample_r\"><div class=\"card-body\"><p><span>Envoyez-nous vos questions \u00e0\u00a0<\/span><a href=\"mailto:info@myes.fr\"><span>info@myes.fr<\/span><\/a><span>, nous vous r\u00e9pondrons dans les plus brefs d\u00e9lais !<\/span><\/p><\/div><\/div><\/div><\/div><\/div><\/div><\/div><\/div><\/div><\/div><\/div>\t\t\t\t<\/div>\n\t\t\t\t<\/div>\n\t\t\t\t\t<\/div>\n\t\t<\/div>\n\t\t\t\t\t<\/div>\n\t\t<\/section>\n\t\t\t\t<\/div>\n\t\t","protected":false},"excerpt":{"rendered":"<p>F.A.Q D\u00e9couvrez sur cette page les r\u00e9ponses aux questions les plus fr\u00e9quentes. EN QUOI MY ENGLISH SCHOOL EST-IL DIFF\u00c9RENT DES AUTRES CENTRES DE FORMATION \u00c0 L\u2019ANGLAIS ? My English School est l\u2019organisme de formation fait pour vous : vous choisissez les jours et les horaires de vos cours, en fonction de vos disponibilit\u00e9s hebdomadaires. Et [&hellip;]<\/p>\n","protected":false},"author":10,"featured_media":0,"parent":0,"menu_order":0,"comment_status":"closed","ping_status":"closed","template":"","meta":{"footnotes":""},"yst_prominent_words":[],"class_list":["post-98361","page","type-page","status-publish","hentry"],"acf":[],"_links":{"self":[{"href":"https:\/\/myes-staging.nohup.host\/fr\/wp-json\/wp\/v2\/pages\/98361","targetHints":{"allow":["GET"]}}],"collection":[{"href":"https:\/\/myes-staging.nohup.host\/fr\/wp-json\/wp\/v2\/pages"}],"about":[{"href":"https:\/\/myes-staging.nohup.host\/fr\/wp-json\/wp\/v2\/types\/page"}],"author":[{"embeddable":true,"href":"https:\/\/myes-staging.nohup.host\/fr\/wp-json\/wp\/v2\/users\/10"}],"replies":[{"embeddable":true,"href":"https:\/\/myes-staging.nohup.host\/fr\/wp-json\/wp\/v2\/comments?post=98361"}],"version-history":[{"count":6,"href":"https:\/\/myes-staging.nohup.host\/fr\/wp-json\/wp\/v2\/pages\/98361\/revisions"}],"predecessor-version":[{"id":104352,"href":"https:\/\/myes-staging.nohup.host\/fr\/wp-json\/wp\/v2\/pages\/98361\/revisions\/104352"}],"wp:attachment":[{"href":"https:\/\/myes-staging.nohup.host\/fr\/wp-json\/wp\/v2\/media?parent=98361"}],"wp:term":[{"taxonomy":"yst_prominent_words","embeddable":true,"href":"https:\/\/myes-staging.nohup.host\/fr\/wp-json\/wp\/v2\/yst_prominent_words?post=98361"}],"curies":[{"name":"wp","href":"https:\/\/api.w.org\/{rel}","templated":true}]}}