{"id":98364,"date":"2022-05-23T14:20:44","date_gmt":"2022-05-23T12:20:44","guid":{"rendered":"https:\/\/myes-staging.nohup.host\/careers\/"},"modified":"2023-02-20T12:42:58","modified_gmt":"2023-02-20T11:42:58","slug":"job","status":"publish","type":"page","link":"https:\/\/myes-staging.nohup.host\/fr\/job\/","title":{"rendered":"Offres d\u2019emploi"},"content":{"rendered":"\t\t<div data-elementor-type=\"wp-page\" data-elementor-id=\"98364\" class=\"elementor elementor-98364 elementor-80964\" data-elementor-post-type=\"page\">\n\t\t\t\t\t\t<section class=\"elementor-section elementor-top-section elementor-element elementor-element-67e1cb7 elementor-section-boxed elementor-section-height-default elementor-section-height-default\" data-id=\"67e1cb7\" data-element_type=\"section\" data-settings=\"{&quot;jet_parallax_layout_list&quot;:[]}\">\n\t\t\t\t\t\t<div class=\"elementor-container elementor-column-gap-default\">\n\t\t\t\t\t<div class=\"elementor-column elementor-col-100 elementor-top-column elementor-element elementor-element-4ca764b\" data-id=\"4ca764b\" data-element_type=\"column\">\n\t\t\t<div class=\"elementor-widget-wrap elementor-element-populated\">\n\t\t\t\t\t\t<div class=\"elementor-element elementor-element-7f4f88a elementor-widget elementor-widget-heading\" data-id=\"7f4f88a\" data-element_type=\"widget\" data-widget_type=\"heading.default\">\n\t\t\t\t<div class=\"elementor-widget-container\">\n\t\t\t\t\t<h2 class=\"elementor-heading-title elementor-size-default\">REJOIGNEZ-NOUS\n<\/h2>\t\t\t\t<\/div>\n\t\t\t\t<\/div>\n\t\t\t\t<div class=\"elementor-element elementor-element-05e973c elementor-widget elementor-widget-spacer\" data-id=\"05e973c\" data-element_type=\"widget\" data-widget_type=\"spacer.default\">\n\t\t\t\t<div class=\"elementor-widget-container\">\n\t\t\t\t\t\t\t<div class=\"elementor-spacer\">\n\t\t\t<div class=\"elementor-spacer-inner\"><\/div>\n\t\t<\/div>\n\t\t\t\t\t\t<\/div>\n\t\t\t\t<\/div>\n\t\t\t\t<div class=\"elementor-element elementor-element-f33c5da elementor-widget elementor-widget-text-editor\" data-id=\"f33c5da\" data-element_type=\"widget\" data-widget_type=\"text-editor.default\">\n\t\t\t\t<div class=\"elementor-widget-container\">\n\t\t\t\t\t\t\t\t\t<p style=\"font-size: 18px; font-family: Montserrat; font-weight: 400; font-style: normal;\">My English School vous propose un environnement de travail id\u00e9al : informel, jeune et dynamique !<\/p><p style=\"font-size: 18px; font-family: Montserrat; font-weight: 400; font-style: normal;\">Nous sommes constamment \u00e0 la recherche de nouveaux collaborateurs motiv\u00e9s et exp\u00e9riment\u00e9s, alors n\u2019h\u00e9sitez pas \u00e0 nous faire parvenir votre CV ! Si votre profil correspond \u00e0 l\u2019un des postes propos\u00e9s, vous serez recontact\u00e9 par notre \u00e9quipe.<\/p>\t\t\t\t\t\t\t\t<\/div>\n\t\t\t\t<\/div>\n\t\t\t\t<div class=\"elementor-element elementor-element-62e2f2d elementor-widget elementor-widget-spacer\" data-id=\"62e2f2d\" data-element_type=\"widget\" data-widget_type=\"spacer.default\">\n\t\t\t\t<div class=\"elementor-widget-container\">\n\t\t\t\t\t\t\t<div class=\"elementor-spacer\">\n\t\t\t<div class=\"elementor-spacer-inner\"><\/div>\n\t\t<\/div>\n\t\t\t\t\t\t<\/div>\n\t\t\t\t<\/div>\n\t\t\t\t\t<\/div>\n\t\t<\/div>\n\t\t\t\t\t<\/div>\n\t\t<\/section>\n\t\t\t\t<section class=\"elementor-section elementor-top-section elementor-element elementor-element-3b51cab elementor-section-boxed elementor-section-height-default elementor-section-height-default\" data-id=\"3b51cab\" data-element_type=\"section\" data-settings=\"{&quot;jet_parallax_layout_list&quot;:[]}\">\n\t\t\t\t\t\t<div class=\"elementor-container elementor-column-gap-default\">\n\t\t\t\t\t<div class=\"elementor-column elementor-col-100 elementor-top-column elementor-element elementor-element-03c79a7\" data-id=\"03c79a7\" data-element_type=\"column\">\n\t\t\t<div class=\"elementor-widget-wrap elementor-element-populated\">\n\t\t\t\t\t\t<div class=\"elementor-element elementor-element-8b80ae7 elementor-view-default elementor-widget elementor-widget-wgl-toggle-accordion\" data-id=\"8b80ae7\" data-element_type=\"widget\" data-widget_type=\"wgl-toggle-accordion.default\">\n\t\t\t\t<div class=\"elementor-widget-container\">\n\t\t\t\t\t<div class=\"wgl-accordion icon-plus\" id=\"wgl-accordion-8b80ae7\" data-type=\"accordion\"><div class=\"wgl-accordion_panel\"><h4 id=\"wgl-accordion_header-1461\" class=\"wgl-accordion_header\" data-default=\"\"><span class=\"wgl-accordion_title\">TEACHER<\/span><i class=\"wgl-accordion_icon elementor-icon \"><\/i><\/h4><div class=\"wgl-accordion_content\"><p><span>My English School is a network of schools across Italy, and we are regularly looking for English Teachers to join our young, dynamic and motivated teaching team. Our teachers hold CELTA or TEFL certificates and have excellent people skills. We are looking for student-centered and enthusiastic teachers with different levels of experience. We provide full training in our teaching method as well as ongoing professional development. If you are interested in teaching in Italy, then please fill out our online HR questionnaire. If there is a suitable position, you will be contacted by one of our schools.<\/span><\/p><div style=\"text-align: end;\"><a href=\"mailto:info@myes.fr\" target=\"_blank\" rel=\"noopener\"><strong><span style=\"text-decoration: underline;\">APPLY<\/span><\/strong><\/a><\/div><\/div><\/div><div class=\"wgl-accordion_panel\"><h4 id=\"wgl-accordion_header-1462\" class=\"wgl-accordion_header\" data-default=\"\"><span class=\"wgl-accordion_title\">IN COMPANY TEACHER<\/span><i class=\"wgl-accordion_icon elementor-icon \"><\/i><\/h4><div class=\"wgl-accordion_content\"><p><span>My English School is looking for a Business Teacher to teach in companies. You should be a qualified teacher and have at least one year\u2019s teaching experience, preferably in a business environment. There is the opportunity to build up a full timetable of company and in-school work for the right candidate. You must have a TEFL or CELTA certificate and be native speaker or a speaker of English from a young age. A competitive hourly rate, bonus for teaching in company, and opportunity for growth within a fast-growing company.<\/span><\/p><div style=\"text-align: end;\"><span style=\"text-decoration: underline;\"><a href=\"mailto:info@myes.fr\" target=\"_blank\" rel=\"noopener\"><strong>APPLY<\/strong><\/a><\/span><\/div><\/div><\/div><div class=\"wgl-accordion_panel\"><h4 id=\"wgl-accordion_header-1463\" class=\"wgl-accordion_header\" data-default=\"\"><span class=\"wgl-accordion_title\">TEACHER - LYON<\/span><i class=\"wgl-accordion_icon elementor-icon \"><\/i><\/h4><div class=\"wgl-accordion_content\"><p><span>My English School Lyon, France, is looking for a qualified, passionate, English Teacher to join our young, dynamic and motivated teaching team. Fun and creativity are encouraged in our learning-centred workplace. The position is initially part-time with flexible teaching hours and the opportunity to progress within an exciting and fast-growing school. Full training in our teaching style provided. Candidates should send their application to\u00a0<\/span><a href=\"mailto:didactic.lyon@myes.fr\">didactic.lyon@myes.fr<\/a><span><\/span><\/p><p style=\"text-align: right;\"><strong><a href=\"mailto:didactic.lyon@myes.fr\" target=\"_blank\" rel=\"noopener\"><span style=\"text-decoration: underline;\">APPLY<\/span><\/a><\/strong><\/p><\/div><\/div><div class=\"wgl-accordion_panel\"><h4 id=\"wgl-accordion_header-1464\" class=\"wgl-accordion_header\" data-default=\"\"><span class=\"wgl-accordion_title\">TEACHER - M\u00c9RIGNAC<\/span><i class=\"wgl-accordion_icon elementor-icon \"><\/i><\/h4><div class=\"wgl-accordion_content\"><p><span>My English School is a network of schools across France. <\/span><\/p><p><span>We have a school in M\u00e9rignac and we are regularly looking for English Teachers to join our young, dynamic and motivated teaching team. Our teachers hold CELTA or TEFL certificates and have excellent people skills. We are looking for student-centered and enthusiastic teachers with different levels of experience. We provide full training in our teaching method as well as ongoing professional development. If you are interested in teaching in Italy, then please fill out our online HR questionnaire. If there is a suitable position, you will be contacted by one of our schools.<\/span><\/p><div style=\"text-align: end;\"><a href=\"mailto:info@myes.fr\" target=\"_blank\" rel=\"noopener\"><strong><span style=\"text-decoration: underline;\">APPLY<\/span><\/strong><\/a><\/div><\/div><\/div><div class=\"wgl-accordion_panel\"><h4 id=\"wgl-accordion_header-1465\" class=\"wgl-accordion_header\" data-default=\"\"><span class=\"wgl-accordion_title\">CONSULTANT(E) COMMERCIAL(E) - M\u00c9RIGNAC<\/span><i class=\"wgl-accordion_icon elementor-icon \"><\/i><\/h4><div class=\"wgl-accordion_content\"><p><span style=\"font-weight: 400;\">Dans le cadre du d\u00e9veloppement de notre activit\u00e9, nous ouvrons un nouveau centre MYES \u00e0 M\u00e9rignac. <\/span><\/p><p><span style=\"font-weight: 400;\">Nous sommes \u00e0 la recherche d\u2019un(e) consultant(e) p\u00e9dagogique pour venir compl\u00e9ter notre <\/span><i><span style=\"font-weight: 400;\">family<\/span><\/i><span style=\"font-weight: 400;\">.<\/span><\/p><p><span style=\"font-weight: 400;\">En tant que consultant commercial, vous assurez vos missions au sein notre centre de formation situ\u00e9 \u00e0 M\u00e9rignac (33). Rattach\u00e9(e) au Directeur de Centre, vous \u00eates le premier interlocuteur de nos stagiaires, et donc, le <\/span><b>premier repr\u00e9sentant de notre soci\u00e9t\u00e9<\/b><span style=\"font-weight: 400;\">.\u00a0<\/span><\/p><p><span style=\"font-weight: 400;\">Vous assurez le bon fonctionnement du centre en effectuant les t\u00e2ches suivantes:\u00a0<\/span><\/p><ul><li style=\"font-weight: 400;\" aria-level=\"1\"><span style=\"font-weight: 400;\">Conseiller et commercialiser des parcours de formation \u00e0 l\u2019anglais<\/span><\/li><li style=\"font-weight: 400;\" aria-level=\"1\"><span style=\"font-weight: 400;\">Accueillir, accompagner et faire le suivi des potentiels stagiaires\/stagiaires actuels et\/ou visiteurs,<\/span><\/li><li style=\"font-weight: 400;\" aria-level=\"1\"><span style=\"font-weight: 400;\">G\u00e9rer les dossiers de financement ainsi que les relances aupr\u00e8s des organismes financeurs (OPCO, P\u00f4le Emploi, Caisse des D\u00e9p\u00f4ts\u2026)<\/span><\/li><li style=\"font-weight: 400;\" aria-level=\"1\"><span style=\"font-weight: 400;\">D\u00e9velopper l'activit\u00e9 aupr\u00e8s de prospects<\/span><\/li><li style=\"font-weight: 400;\" aria-level=\"1\"><span style=\"font-weight: 400;\">Participer aux \u00e9v\u00e9nements du centre\u00a0<\/span><\/li><li style=\"font-weight: 400;\" aria-level=\"1\"><span style=\"font-weight: 400;\">Promouvoir notre offre de formation \u00e0 l\u2019anglais\u00a0<\/span><\/li><\/ul><p><span style=\"text-decoration: underline;\"><span style=\"font-weight: 400;\">Votre Profil <\/span><\/span><i><span style=\"font-weight: 400;\">:<\/span><\/i><\/p><p><span style=\"font-weight: 400;\">\u00a0<\/span><span style=\"font-weight: 400;\">Vous \u00e9voluez au sein d'une \u00e9quipe sous la responsabilit\u00e9 du directeur de centre. Vous disposez d'un <\/span><b>excellent niveau d'anglais<\/b><span style=\"font-weight: 400;\"> (niveau B2 exig\u00e9), et d'une premi\u00e8re exp\u00e9rience r\u00e9ussie en vente de produits ou de services sur une cible BtoC\/BtoB. Vous ma\u00eetrisez la relation client et les techniques de prospection.<\/span><\/p><p><span style=\"font-weight: 400;\">\u00a0<\/span><span style=\"font-weight: 400;\">Vous faites la diff\u00e9rence par votre sens du contact, votre relationnel et votre capacit\u00e9 organisationnelle.<\/span><\/p><p><span style=\"font-weight: 400;\">La r\u00e9mun\u00e9ration est compos\u00e9e d'un salaire fixe + variable<\/span><\/p><p><span style=\"font-weight: 400;\">Poste \u00e0 pourvoir d\u00e8s avril 2023<\/span><span style=\"font-weight: 400;\">.<\/span><\/p><p><span style=\"font-weight: 400;\">Lieu\u00a0: M\u00e9rignac<\/span><\/p><p><span style=\"font-weight: 400;\">Notre offre vous int\u00e9resse ? Vous \u00eates motiv\u00e9(e), dynamique et avez envie de mettre vos comp\u00e9tences au service d\u2019une \u00e9quipe enthousiaste ?\u00a0 !<\/span><\/p><p style=\"text-align: right;\"><a href=\"mailto:info@myes.fr\"><strong><span style=\"text-decoration: underline;\"><span style=\"color: #0000ff; text-decoration: underline;\"><span style=\"color: #003366; text-decoration: underline;\">ENVOYEZ VOTRE CANDIDATURE<\/span><\/span><\/span><span style=\"color: #0000ff;\"><span style=\"color: #003366;\"><\/span><\/span><\/strong><\/a><\/p><\/div><\/div><\/div>\t\t\t\t<\/div>\n\t\t\t\t<\/div>\n\t\t\t\t\t<\/div>\n\t\t<\/div>\n\t\t\t\t\t<\/div>\n\t\t<\/section>\n\t\t\t\t<section class=\"elementor-section elementor-top-section elementor-element elementor-element-dc3bdfa elementor-section-boxed elementor-section-height-default elementor-section-height-default\" data-id=\"dc3bdfa\" data-element_type=\"section\" data-settings=\"{&quot;jet_parallax_layout_list&quot;:[]}\">\n\t\t\t\t\t\t<div class=\"elementor-container elementor-column-gap-default\">\n\t\t\t\t\t<div class=\"elementor-column elementor-col-100 elementor-top-column elementor-element elementor-element-533c8ef\" data-id=\"533c8ef\" data-element_type=\"column\">\n\t\t\t<div class=\"elementor-widget-wrap elementor-element-populated\">\n\t\t\t\t\t\t<div class=\"elementor-element elementor-element-f5ca5da acenter elementor-widget elementor-widget-wgl-button\" data-id=\"f5ca5da\" data-element_type=\"widget\" data-widget_type=\"wgl-button.default\">\n\t\t\t\t<div class=\"elementor-widget-container\">\n\t\t\t\t\t<div class=\"button-wrapper\"><a  class=\"wgl-button btn-size-lg \" role=\"button\" href=\"mailto:cv@myes.school\"><div class=\"button-content-wrapper \"><span class=\"wgl-button-text\">CANDIDATURE SPONTAN\u00c9E<\/span><\/div><\/a><\/div>\t\t\t\t<\/div>\n\t\t\t\t<\/div>\n\t\t\t\t\t<\/div>\n\t\t<\/div>\n\t\t\t\t\t<\/div>\n\t\t<\/section>\n\t\t\t\t<\/div>\n\t\t","protected":false},"excerpt":{"rendered":"<p>REJOIGNEZ-NOUS My English School vous propose un environnement de travail id\u00e9al : informel, jeune et dynamique ! Nous sommes constamment \u00e0 la recherche de nouveaux collaborateurs motiv\u00e9s et exp\u00e9riment\u00e9s, alors n\u2019h\u00e9sitez pas \u00e0 nous faire parvenir votre CV ! Si votre profil correspond \u00e0 l\u2019un des postes propos\u00e9s, vous serez recontact\u00e9 par notre \u00e9quipe. TEACHER [&hellip;]<\/p>\n","protected":false},"author":10,"featured_media":0,"parent":0,"menu_order":0,"comment_status":"closed","ping_status":"closed","template":"","meta":{"footnotes":""},"yst_prominent_words":[],"class_list":["post-98364","page","type-page","status-publish","hentry"],"acf":[],"_links":{"self":[{"href":"https:\/\/myes-staging.nohup.host\/fr\/wp-json\/wp\/v2\/pages\/98364","targetHints":{"allow":["GET"]}}],"collection":[{"href":"https:\/\/myes-staging.nohup.host\/fr\/wp-json\/wp\/v2\/pages"}],"about":[{"href":"https:\/\/myes-staging.nohup.host\/fr\/wp-json\/wp\/v2\/types\/page"}],"author":[{"embeddable":true,"href":"https:\/\/myes-staging.nohup.host\/fr\/wp-json\/wp\/v2\/users\/10"}],"replies":[{"embeddable":true,"href":"https:\/\/myes-staging.nohup.host\/fr\/wp-json\/wp\/v2\/comments?post=98364"}],"version-history":[{"count":40,"href":"https:\/\/myes-staging.nohup.host\/fr\/wp-json\/wp\/v2\/pages\/98364\/revisions"}],"predecessor-version":[{"id":153943,"href":"https:\/\/myes-staging.nohup.host\/fr\/wp-json\/wp\/v2\/pages\/98364\/revisions\/153943"}],"wp:attachment":[{"href":"https:\/\/myes-staging.nohup.host\/fr\/wp-json\/wp\/v2\/media?parent=98364"}],"wp:term":[{"taxonomy":"yst_prominent_words","embeddable":true,"href":"https:\/\/myes-staging.nohup.host\/fr\/wp-json\/wp\/v2\/yst_prominent_words?post=98364"}],"curies":[{"name":"wp","href":"https:\/\/api.w.org\/{rel}","templated":true}]}}