{"id":80957,"date":"2022-05-23T14:10:02","date_gmt":"2022-05-23T12:10:02","guid":{"rendered":"https:\/\/myes-staging.nohup.host\/?page_id=80957"},"modified":"2023-07-25T14:57:47","modified_gmt":"2023-07-25T12:57:47","slug":"sitemap-scuole","status":"publish","type":"page","link":"https:\/\/myes-staging.nohup.host\/it\/sitemap-scuole\/","title":{"rendered":"Tutte le scuole"},"content":{"rendered":"\t\t<div data-elementor-type=\"wp-page\" data-elementor-id=\"80957\" class=\"elementor elementor-80957\" data-elementor-post-type=\"page\">\n\t\t\t\t\t\t<section class=\"elementor-section elementor-top-section elementor-element elementor-element-fc74bd3 elementor-section-boxed elementor-section-height-default elementor-section-height-default\" data-id=\"fc74bd3\" data-element_type=\"section\" data-settings=\"{&quot;jet_parallax_layout_list&quot;:[]}\">\n\t\t\t\t\t\t<div class=\"elementor-container elementor-column-gap-default\">\n\t\t\t\t\t<div class=\"elementor-column elementor-col-100 elementor-top-column elementor-element elementor-element-5411c3d\" data-id=\"5411c3d\" data-element_type=\"column\">\n\t\t\t<div class=\"elementor-widget-wrap elementor-element-populated\">\n\t\t\t\t\t\t<div class=\"elementor-element elementor-element-ad57ba0 elementor-widget elementor-widget-heading\" data-id=\"ad57ba0\" data-element_type=\"widget\" data-widget_type=\"heading.default\">\n\t\t\t\t<div class=\"elementor-widget-container\">\n\t\t\t\t\t<h2 class=\"elementor-heading-title elementor-size-default\">TUTTE LE SCUOLE DI INGLESE DI MYES<\/h2>\t\t\t\t<\/div>\n\t\t\t\t<\/div>\n\t\t\t\t<div class=\"elementor-element elementor-element-c3bcd53 elementor-widget elementor-widget-spacer\" data-id=\"c3bcd53\" data-element_type=\"widget\" data-widget_type=\"spacer.default\">\n\t\t\t\t<div class=\"elementor-widget-container\">\n\t\t\t\t\t\t\t<div class=\"elementor-spacer\">\n\t\t\t<div class=\"elementor-spacer-inner\"><\/div>\n\t\t<\/div>\n\t\t\t\t\t\t<\/div>\n\t\t\t\t<\/div>\n\t\t\t\t<div class=\"elementor-element elementor-element-402915e elementor-widget elementor-widget-text-editor\" data-id=\"402915e\" data-element_type=\"widget\" data-widget_type=\"text-editor.default\">\n\t\t\t\t<div class=\"elementor-widget-container\">\n\t\t\t\t\t\t\t\t\tCon My English School puoi scegliere fra tante scuole di inglese in tutta Italia per frequentare corsi di inglese personalizzabili a seconda dei tuoi bisogni e della tua disponibilit\u00e0. Ogni corso \u00e8 pensato per farti raggiungere i tuoi obiettivi, qualsiasi essi siano. Sarai tu a scegliere giorni e orari, puoi recuperare le attivit\u00e0 perse e ripetere le lezioni pi\u00f9 volte, finch\u00e9 non ti sentirai perfettamente sicuro di padroneggiare la lingua. Mettiti comodo sui nostri divanetti rossi e affidati agli insegnanti madrelingua MyES: siamo sicuri che non ci lascerai pi\u00f9!\t\t\t\t\t\t\t\t<\/div>\n\t\t\t\t<\/div>\n\t\t\t\t<div class=\"elementor-element elementor-element-9475b3c elementor-widget elementor-widget-spacer\" data-id=\"9475b3c\" data-element_type=\"widget\" data-widget_type=\"spacer.default\">\n\t\t\t\t<div class=\"elementor-widget-container\">\n\t\t\t\t\t\t\t<div class=\"elementor-spacer\">\n\t\t\t<div class=\"elementor-spacer-inner\"><\/div>\n\t\t<\/div>\n\t\t\t\t\t\t<\/div>\n\t\t\t\t<\/div>\n\t\t\t\t\t<\/div>\n\t\t<\/div>\n\t\t\t\t\t<\/div>\n\t\t<\/section>\n\t\t\t\t<section class=\"elementor-section elementor-top-section elementor-element elementor-element-6bb5de8 elementor-section-boxed elementor-section-height-default elementor-section-height-default\" data-id=\"6bb5de8\" data-element_type=\"section\" data-settings=\"{&quot;jet_parallax_layout_list&quot;:[]}\">\n\t\t\t\t\t\t<div class=\"elementor-container elementor-column-gap-default\">\n\t\t\t\t\t<div class=\"elementor-column elementor-col-16 elementor-top-column elementor-element elementor-element-0b09b26\" data-id=\"0b09b26\" data-element_type=\"column\">\n\t\t\t<div class=\"elementor-widget-wrap elementor-element-populated\">\n\t\t\t\t\t\t<div class=\"elementor-element elementor-element-11a5455 elementor-widget elementor-widget-text-editor\" data-id=\"11a5455\" data-element_type=\"widget\" data-widget_type=\"text-editor.default\">\n\t\t\t\t<div class=\"elementor-widget-container\">\n\t\t\t\t\t\t\t\t\t<ul class=\"list\"><li><a href=\"https:\/\/myes-staging.nohup.host\/it\/corsi-di-inglese-ancona\/\">ANCONA<\/a><\/li><li><a href=\"https:\/\/myes-staging.nohup.host\/it\/corsi-di-inglese-arezzo\/\" target=\"_blank\" rel=\"noopener\">AREZZO<\/a><\/li><li><a href=\"https:\/\/myes-staging.nohup.host\/it\/corsi-di-inglese-bari\/\">BARI<\/a><\/li><li><a href=\"https:\/\/myes-staging.nohup.host\/it\/corsi-di-inglese-bergamo\/\">BERGAMO<\/a><\/li><li><a href=\"https:\/\/myes-staging.nohup.host\/it\/corsi-di-inglese-bologna\/\">BOLOGNA<\/a><\/li><li><a href=\"https:\/\/myes-staging.nohup.host\/it\/corsi-di-inglese-brescia\/\">BRESCIA<\/a><\/li><li><a href=\"https:\/\/myes-staging.nohup.host\/it\/corsi-di-inglese-busto-arsizio\/\">BUSTO ARSIZIO<\/a><\/li><li><a href=\"https:\/\/myes-staging.nohup.host\/it\/corsi-di-inglese-cagliari\/\">CAGLIARI<\/a><\/li><\/ul>\t\t\t\t\t\t\t\t<\/div>\n\t\t\t\t<\/div>\n\t\t\t\t\t<\/div>\n\t\t<\/div>\n\t\t\t\t<div class=\"elementor-column elementor-col-16 elementor-top-column elementor-element elementor-element-5714866\" data-id=\"5714866\" data-element_type=\"column\">\n\t\t\t<div class=\"elementor-widget-wrap elementor-element-populated\">\n\t\t\t\t\t\t<div class=\"elementor-element elementor-element-f549ce6 elementor-widget elementor-widget-text-editor\" data-id=\"f549ce6\" data-element_type=\"widget\" data-widget_type=\"text-editor.default\">\n\t\t\t\t<div class=\"elementor-widget-container\">\n\t\t\t\t\t\t\t\t\t<ul class=\"list\"><li><a href=\"https:\/\/myes-staging.nohup.host\/it\/corsi-di-inglese-catania\/\">CATANIA<\/a><\/li><li><a href=\"https:\/\/myes-staging.nohup.host\/it\/corsi-di-inglese-como\/\">COMO<\/a><\/li><li><a href=\"https:\/\/myes-staging.nohup.host\/it\/corsi-di-inglese-cremona\/\">CREMONA<\/a><\/li><li><a href=\"https:\/\/myes-staging.nohup.host\/it\/corsi-di-inglese-ferrara\/\">FERRARA<\/a><\/li><li><a href=\"https:\/\/myes-staging.nohup.host\/it\/corsi-di-inglese-firenze\/\">FIRENZE<\/a><\/li><li><a href=\"https:\/\/myes-staging.nohup.host\/it\/corsi-di-inglese-genova\/\">GENOVA<\/a><\/li><li><a href=\"https:\/\/myes-staging.nohup.host\/it\/corsi-di-inglese-livorno\/\">LIVORNO<\/a><\/li><li><a href=\"https:\/\/myes-staging.nohup.host\/it\/corsi-di-inglese-lucca\/\" target=\"_blank\" rel=\"noopener\">LUCCA<\/a><\/li><\/ul>\t\t\t\t\t\t\t\t<\/div>\n\t\t\t\t<\/div>\n\t\t\t\t\t<\/div>\n\t\t<\/div>\n\t\t\t\t<div class=\"elementor-column elementor-col-16 elementor-top-column elementor-element elementor-element-26ebfcf\" data-id=\"26ebfcf\" data-element_type=\"column\">\n\t\t\t<div class=\"elementor-widget-wrap elementor-element-populated\">\n\t\t\t\t\t\t<div class=\"elementor-element elementor-element-3d1bce2 elementor-widget elementor-widget-text-editor\" data-id=\"3d1bce2\" data-element_type=\"widget\" data-widget_type=\"text-editor.default\">\n\t\t\t\t<div class=\"elementor-widget-container\">\n\t\t\t\t\t\t\t\t\t<ul class=\"list\"><li><a href=\"https:\/\/myes-staging.nohup.host\/it\/corsi-di-inglese-milano\/\">MILANO<\/a><br \/>&#8211; <a href=\"https:\/\/myes-staging.nohup.host\/it\/corsi-di-inglese-milano-sud\/\">Milano Sud<\/a><br \/>&#8211; <a href=\"https:\/\/myes-staging.nohup.host\/it\/corsi-di-inglese-milano-nord\/\">Milano Nord<\/a><\/li><li><a href=\"https:\/\/myes-staging.nohup.host\/it\/corsi-di-inglese-modena\/\">MODENA<\/a><\/li><li><a href=\"https:\/\/myes-staging.nohup.host\/it\/corsi-di-inglese-monza\/\">MONZA<\/a><\/li><li><a href=\"https:\/\/myes-staging.nohup.host\/it\/corsi-di-inglese-napoli\/\">NAPOLI<\/a><\/li><li><a href=\"https:\/\/myes-staging.nohup.host\/it\/corsi-di-inglese-novara\/\">NOVARA<\/a><\/li><li><a href=\"https:\/\/myes-staging.nohup.host\/it\/corsi-di-inglese-padova\/\">PADOVA<\/a><\/li><li><a href=\"https:\/\/myes-staging.nohup.host\/it\/corsi-di-inglese-palermo\/\">PALERMO<\/a><\/li><li><a href=\"https:\/\/myes-staging.nohup.host\/it\/corsi-di-inglese-parma\/\">PARMA<\/a><\/li><\/ul>\t\t\t\t\t\t\t\t<\/div>\n\t\t\t\t<\/div>\n\t\t\t\t\t<\/div>\n\t\t<\/div>\n\t\t\t\t<div class=\"elementor-column elementor-col-16 elementor-top-column elementor-element elementor-element-025d1ae\" data-id=\"025d1ae\" data-element_type=\"column\">\n\t\t\t<div class=\"elementor-widget-wrap elementor-element-populated\">\n\t\t\t\t\t\t<div class=\"elementor-element elementor-element-b0fe1dd elementor-widget elementor-widget-text-editor\" data-id=\"b0fe1dd\" data-element_type=\"widget\" data-widget_type=\"text-editor.default\">\n\t\t\t\t<div class=\"elementor-widget-container\">\n\t\t\t\t\t\t\t\t\t<ul class=\"list\"><li><a href=\"https:\/\/myes-staging.nohup.host\/it\/corsi-di-inglese-pavia\/\">PAVIA<\/a><\/li><li><a href=\"https:\/\/myes-staging.nohup.host\/it\/corsi-di-inglese-perugia\/\">PERUGIA<\/a><\/li><li><a href=\"https:\/\/myes-staging.nohup.host\/it\/corsi-di-inglese-pescara\/\">PESCARA<\/a><\/li><li><a href=\"https:\/\/myes-staging.nohup.host\/it\/corsi-di-inglese-piacenza\/\">PIACENZA<\/a><\/li><li><a href=\"https:\/\/myes-staging.nohup.host\/it\/corsi-di-inglese-pisa\/\">PISA<\/a><\/li><li><a href=\"https:\/\/myes-staging.nohup.host\/it\/corsi-di-inglese-prato\/\">PRATO<\/a><\/li><li><a href=\"https:\/\/myes-staging.nohup.host\/it\/corsi-di-inglese-reggio-emilia\/\">REGGIO EMILIA<\/a><\/li><li><a href=\"https:\/\/myes-staging.nohup.host\/it\/corsi-di-inglese-rimini\/\">RIMINI<\/a><\/li><\/ul>\t\t\t\t\t\t\t\t<\/div>\n\t\t\t\t<\/div>\n\t\t\t\t\t<\/div>\n\t\t<\/div>\n\t\t\t\t<div class=\"elementor-column elementor-col-16 elementor-top-column elementor-element elementor-element-ea85875\" data-id=\"ea85875\" data-element_type=\"column\">\n\t\t\t<div class=\"elementor-widget-wrap elementor-element-populated\">\n\t\t\t\t\t\t<div class=\"elementor-element elementor-element-203e843 elementor-widget elementor-widget-text-editor\" data-id=\"203e843\" data-element_type=\"widget\" data-widget_type=\"text-editor.default\">\n\t\t\t\t<div class=\"elementor-widget-container\">\n\t\t\t\t\t\t\t\t\t<ul class=\"list\"><li><a href=\"https:\/\/myes-staging.nohup.host\/it\/corsi-di-inglese-roma\/\">ROMA<\/a><\/li><\/ul><p>\u00a0 \u00a0 \u00a0&#8211; <a href=\"https:\/\/myes-staging.nohup.host\/it\/corsi-di-inglese-roma-eur\/\">EUR<\/a><\/p><p>\u00a0 \u00a0 \u00a0&#8211; <a href=\"https:\/\/myes-staging.nohup.host\/it\/corsi-di-inglese-roma-tuscolana\/\">TUSCOLANA<\/a><\/p><ul class=\"list\"><li><a href=\"https:\/\/myes-staging.nohup.host\/it\/corsi-di-inglese-salerno\/\">SALERNO<\/a><\/li><li><a href=\"https:\/\/myes-staging.nohup.host\/it\/corsi-di-inglese-siena\/\" target=\"_blank\" rel=\"noopener\">SIENA<\/a><\/li><li><a href=\"https:\/\/myes-staging.nohup.host\/it\/corsi-di-inglese-torino\/\">TORINO<\/a><\/li><li><a href=\"https:\/\/myes-staging.nohup.host\/it\/corsi-di-inglese-trento\/\">TRENTO<\/a><\/li><\/ul>\t\t\t\t\t\t\t\t<\/div>\n\t\t\t\t<\/div>\n\t\t\t\t\t<\/div>\n\t\t<\/div>\n\t\t\t\t<div class=\"elementor-column elementor-col-16 elementor-top-column elementor-element elementor-element-1e6a609\" data-id=\"1e6a609\" data-element_type=\"column\">\n\t\t\t<div class=\"elementor-widget-wrap elementor-element-populated\">\n\t\t\t\t\t\t<div class=\"elementor-element elementor-element-5b9fbc6 elementor-widget elementor-widget-text-editor\" data-id=\"5b9fbc6\" data-element_type=\"widget\" data-widget_type=\"text-editor.default\">\n\t\t\t\t<div class=\"elementor-widget-container\">\n\t\t\t\t\t\t\t\t\t<ul class=\"list\"><li><a href=\"https:\/\/myes-staging.nohup.host\/it\/corsi-di-inglese-treviso\/\">TREVISO<\/a><\/li><li><a href=\"https:\/\/myes-staging.nohup.host\/it\/corsi-di-inglese-trieste\/\">TRIESTE<\/a><\/li><li><a href=\"https:\/\/myes-staging.nohup.host\/it\/corsi-di-inglese-udine\/\" target=\"_blank\" rel=\"noopener\">UDINE<\/a><\/li><li><a href=\"https:\/\/myes-staging.nohup.host\/it\/corsi-di-inglese-venezia\/\">VENEZIA<\/a><\/li><li><a href=\"https:\/\/myes-staging.nohup.host\/it\/corsi-di-inglese-verona\/\">VERONA<\/a><\/li><li><a href=\"https:\/\/myes-staging.nohup.host\/it\/corsi-di-inglese-vicenza\/\">VICENZA<\/a><\/li><\/ul>\t\t\t\t\t\t\t\t<\/div>\n\t\t\t\t<\/div>\n\t\t\t\t\t<\/div>\n\t\t<\/div>\n\t\t\t\t\t<\/div>\n\t\t<\/section>\n\t\t\t\t<\/div>\n\t\t","protected":false},"excerpt":{"rendered":"<p>TUTTE LE SCUOLE DI INGLESE DI MYES Con My English School puoi scegliere fra tante scuole di inglese in tutta Italia per frequentare corsi di inglese personalizzabili a seconda dei tuoi bisogni e della tua disponibilit\u00e0. Ogni corso \u00e8 pensato per farti raggiungere i tuoi obiettivi, qualsiasi essi siano. Sarai tu a scegliere giorni e [&hellip;]<\/p>\n","protected":false},"author":1,"featured_media":0,"parent":0,"menu_order":0,"comment_status":"closed","ping_status":"closed","template":"","meta":{"footnotes":""},"yst_prominent_words":[],"class_list":["post-80957","page","type-page","status-publish","hentry"],"acf":[],"_links":{"self":[{"href":"https:\/\/myes-staging.nohup.host\/it\/wp-json\/wp\/v2\/pages\/80957","targetHints":{"allow":["GET"]}}],"collection":[{"href":"https:\/\/myes-staging.nohup.host\/it\/wp-json\/wp\/v2\/pages"}],"about":[{"href":"https:\/\/myes-staging.nohup.host\/it\/wp-json\/wp\/v2\/types\/page"}],"author":[{"embeddable":true,"href":"https:\/\/myes-staging.nohup.host\/it\/wp-json\/wp\/v2\/users\/1"}],"replies":[{"embeddable":true,"href":"https:\/\/myes-staging.nohup.host\/it\/wp-json\/wp\/v2\/comments?post=80957"}],"version-history":[{"count":53,"href":"https:\/\/myes-staging.nohup.host\/it\/wp-json\/wp\/v2\/pages\/80957\/revisions"}],"predecessor-version":[{"id":161816,"href":"https:\/\/myes-staging.nohup.host\/it\/wp-json\/wp\/v2\/pages\/80957\/revisions\/161816"}],"wp:attachment":[{"href":"https:\/\/myes-staging.nohup.host\/it\/wp-json\/wp\/v2\/media?parent=80957"}],"wp:term":[{"taxonomy":"yst_prominent_words","embeddable":true,"href":"https:\/\/myes-staging.nohup.host\/it\/wp-json\/wp\/v2\/yst_prominent_words?post=80957"}],"curies":[{"name":"wp","href":"https:\/\/api.w.org\/{rel}","templated":true}]}}